{"id":621,"date":"2025-05-02T03:15:00","date_gmt":"2025-05-02T01:15:00","guid":{"rendered":"https:\/\/doblecielo.es\/about\/"},"modified":"2025-05-06T22:38:27","modified_gmt":"2025-05-06T20:38:27","slug":"mi_metodo","status":"publish","type":"page","link":"https:\/\/doblecielo.es\/en\/mi_metodo\/","title":{"rendered":"Mi m\u00e9todo"},"content":{"rendered":"<div data-elementor-type=\"wp-post\" data-elementor-id=\"621\" class=\"elementor elementor-621\">\n\t\t\t\t\t\t<section class=\"elementor-section elementor-top-section elementor-element elementor-element-13a93292 elementor-section-boxed elementor-section-height-default elementor-section-height-default\" data-id=\"13a93292\" data-element_type=\"section\" data-e-type=\"section\" data-settings=\"{&quot;background_background&quot;:&quot;classic&quot;}\">\n\t\t\t\t\t\t\t<div class=\"elementor-background-overlay\"><\/div>\n\t\t\t\t\t\t\t<div class=\"elementor-container elementor-column-gap-default\">\n\t\t\t\t\t<div class=\"elementor-column elementor-col-100 elementor-top-column elementor-element elementor-element-25748b2d\" data-id=\"25748b2d\" data-element_type=\"column\" data-e-type=\"column\">\n\t\t\t<div class=\"elementor-widget-wrap elementor-element-populated\">\n\t\t\t\t\t\t<div class=\"elementor-element elementor-element-253d822f elementor-widget__width-initial elementor-widget-tablet__width-initial elementor-widget-mobile__width-initial elementor-widget elementor-widget-heading\" data-id=\"253d822f\" data-element_type=\"widget\" data-e-type=\"widget\" data-widget_type=\"heading.default\">\n\t\t\t\t<div class=\"elementor-widget-container\">\n\t\t\t\t\t<h2 class=\"elementor-heading-title elementor-size-default\">Mi M\u00e9todo Astrol\u00f3gico: entre el cielo tropical y sideral<\/h2>\t\t\t\t<\/div>\n\t\t\t\t<\/div>\n\t\t\t\t\t<\/div>\n\t\t<\/div>\n\t\t\t\t\t<\/div>\n\t\t<\/section>\n\t\t\t\t<section class=\"elementor-section elementor-top-section elementor-element elementor-element-758d8c04 elementor-section-content-middle elementor-section-boxed elementor-section-height-default elementor-section-height-default\" data-id=\"758d8c04\" data-element_type=\"section\" data-e-type=\"section\" data-settings=\"{&quot;background_background&quot;:&quot;classic&quot;}\">\n\t\t\t\t\t\t<div class=\"elementor-container elementor-column-gap-wide\">\n\t\t\t\t\t<div class=\"elementor-column elementor-col-100 elementor-top-column elementor-element elementor-element-15249d1d\" data-id=\"15249d1d\" data-element_type=\"column\" data-e-type=\"column\">\n\t\t\t<div class=\"elementor-widget-wrap elementor-element-populated\">\n\t\t\t\t\t\t<div class=\"elementor-element elementor-element-13a9b180 elementor-widget elementor-widget-text-editor\" data-id=\"13a9b180\" data-element_type=\"widget\" data-e-type=\"widget\" data-widget_type=\"text-editor.default\">\n\t\t\t\t<div class=\"elementor-widget-container\">\n\t\t\t\t\t\t\t\t\t<p class=\"\" data-start=\"312\" data-end=\"842\">Hola, soy Lydia. Todo empez\u00f3 en la pandemia. Mientras el mundo se encerraba en sus casas, a m\u00ed me dio por mirar al cielo y preguntarme: \u00bfqui\u00e9n soy?, \u00bfa d\u00f3nde voy?<\/p><p class=\"\" data-start=\"356\" data-end=\"609\">En ese momento me sent\u00eda bastante perdida y fue entonces cuando la astrolog\u00eda me agarr\u00f3 de la mano y me ayud\u00f3 a conocerme mejor. Me ense\u00f1\u00f3 a aceptar tanto lo brillante como lo ca\u00f3tico. A veces es una gu\u00eda sabia. Otras, una linterna en mitad del eclipse.<\/p><p class=\"\" data-start=\"611\" data-end=\"922\">La verdad es que esto no surgi\u00f3 de la nada. De peque\u00f1a ya me gustaban estas cosas raras. Sin internet, mi fuente de sabidur\u00eda era el teletexto: ah\u00ed estaba el hor\u00f3scopo semanal, todo regido por el signo solar. Yo, C\u00e1ncer de toda la vida. Fin del misterio. Lo de que hab\u00eda toda una carta astral detr\u00e1s&#8230; ni idea.<\/p>\t\t\t\t\t\t\t\t<\/div>\n\t\t\t\t<\/div>\n\t\t\t\t\t<\/div>\n\t\t<\/div>\n\t\t\t\t\t<\/div>\n\t\t<\/section>\n\t\t<div class=\"elementor-element elementor-element-0ee21c3 e-flex e-con-boxed e-con e-parent\" data-id=\"0ee21c3\" data-element_type=\"container\" data-e-type=\"container\">\n\t\t\t\t\t<div class=\"e-con-inner\">\n\t\t\t\t<div class=\"elementor-element elementor-element-787a93e elementor-widget elementor-widget-image\" data-id=\"787a93e\" data-element_type=\"widget\" data-e-type=\"widget\" data-widget_type=\"image.default\">\n\t\t\t\t<div class=\"elementor-widget-container\">\n\t\t\t\t\t\t\t\t\t\t\t\t\t\t\t<img alt=\"\" fetchpriority=\"high\" decoding=\"async\" width=\"212\" height=\"300\" src=\"https:\/\/doblecielo.es\/wp-content\/uploads\/2025\/05\/avatarmio2-1-212x300.png\" class=\"attachment-medium size-medium wp-image-1993\" srcset=\"https:\/\/doblecielo.es\/wp-content\/uploads\/2025\/05\/avatarmio2-1-212x300.png 212w, https:\/\/doblecielo.es\/wp-content\/uploads\/2025\/05\/avatarmio2-1-724x1024.png 724w, https:\/\/doblecielo.es\/wp-content\/uploads\/2025\/05\/avatarmio2-1-768x1086.png 768w, https:\/\/doblecielo.es\/wp-content\/uploads\/2025\/05\/avatarmio2-1-1086x1536.png 1086w, https:\/\/doblecielo.es\/wp-content\/uploads\/2025\/05\/avatarmio2-1-1448x2048.png 1448w, https:\/\/doblecielo.es\/wp-content\/uploads\/2025\/05\/avatarmio2-1-8x12.png 8w, https:\/\/doblecielo.es\/wp-content\/uploads\/2025\/05\/avatarmio2-1-600x849.png 600w, https:\/\/doblecielo.es\/wp-content\/uploads\/2025\/05\/avatarmio2-1-scaled.png 1810w\" sizes=\"(max-width: 212px) 100vw, 212px\" \/>\t\t\t\t\t\t\t\t\t\t\t\t\t\t\t<\/div>\n\t\t\t\t<\/div>\n\t\t\t\t\t<\/div>\n\t\t\t\t<\/div>\n\t\t\t\t<section class=\"elementor-section elementor-top-section elementor-element elementor-element-5e9dcc2 elementor-section-content-middle elementor-section-boxed elementor-section-height-default elementor-section-height-default\" data-id=\"5e9dcc2\" data-element_type=\"section\" data-e-type=\"section\" data-settings=\"{&quot;background_background&quot;:&quot;classic&quot;}\">\n\t\t\t\t\t\t<div class=\"elementor-container elementor-column-gap-wide\">\n\t\t\t\t\t<div class=\"elementor-column elementor-col-100 elementor-top-column elementor-element elementor-element-69ac0aa\" data-id=\"69ac0aa\" data-element_type=\"column\" data-e-type=\"column\">\n\t\t\t<div class=\"elementor-widget-wrap elementor-element-populated\">\n\t\t\t\t\t\t<div class=\"elementor-element elementor-element-1c14c45 elementor-widget elementor-widget-text-editor\" data-id=\"1c14c45\" data-element_type=\"widget\" data-e-type=\"widget\" data-widget_type=\"text-editor.default\">\n\t\t\t\t<div class=\"elementor-widget-container\">\n\t\t\t\t\t\t\t\t\t<p class=\"\" style=\"font-size: 16px; font-style: normal; font-weight: 500;\" data-start=\"924\" data-end=\"1243\">En 2022 hice un curso de astrolog\u00eda psicol\u00f3gica y sent\u00ed que por ah\u00ed iba la cosa. Pero hab\u00eda algo que no terminaba de encajar. As\u00ed que segu\u00ed tirando del hilo (o m\u00e1s bien de la carta) y me adentr\u00e9 en la astrolog\u00eda helen\u00edstica. Le\u00ed un libro, me encant\u00f3, hice el curso de Chris Brennan y se me abri\u00f3 el cielo. Literalmente.<\/p><p class=\"\" style=\"font-size: 16px; font-style: normal; font-weight: 500;\" data-start=\"1245\" data-end=\"1743\">Ah\u00ed descubr\u00ed maravillas como las profecciones anuales, el sistema de casas por signos enteros, la liberaci\u00f3n zodiacal&#8230; nombres que suenan a hechizo, pero que tienen m\u00e1s sentido que muchos \u201cconsejos de TikTok\u201d. Y ah\u00ed viene la parte pol\u00e9mica: el zod\u00edaco sideral. Desde que empec\u00e9 a estudiar astrolog\u00eda ya sab\u00eda que exist\u00eda este otro sistema zodiacal. Lo mir\u00e9, lo juzgu\u00e9&#8230; y lo rechac\u00e9. \u00bfYo, Sol en G\u00e9minis? \u00a1Por favor! Si siempre he sido C\u00e1ncer, dram\u00e1tica y sensible, \u00bfc\u00f3mo voy a ser tan sociable?<\/p><p class=\"\" style=\"font-size: 16px; font-style: normal; font-weight: 500;\" data-start=\"1745\" data-end=\"1957\">Con el tiempo entend\u00ed que no se trataba de elegir un bando. Que ambos sistemas son \u00fatiles. Que uno me da lo que el otro calla. Que son como dos versiones de m\u00ed que conviven: una que se emociona viendo una pel\u00edcula y otra que manda memes.<\/p><p class=\"\" style=\"font-size: 16px; font-style: normal; font-weight: 500;\" data-start=\"1959\" data-end=\"2211\">Hoy por hoy, uso ambos. Para el calendario astrol\u00f3gico sigo el tropical (el de siempre). Pero para las cartas natales y las predicciones, combino tropical y sideral. Y no, no explota nada al hacerlo. Lo que s\u00ed sucede es algo mejor: se ampl\u00eda la mirada.<\/p><p class=\"\" style=\"font-size: 16px; font-style: normal; font-weight: 500;\" data-start=\"2213\" data-end=\"2570\">Y hablando de mirada&#8230; si hay un punto de la carta que realmente me ayuda a entender qui\u00e9n soy, es el Ascendente y su regente. M\u00e1s que el Sol (aunque tambi\u00e9n tiene lo suyo). Para m\u00ed, el Ascendente marca el punto de partida: c\u00f3mo llego al mundo, c\u00f3mo me muestro y el regente es hacia d\u00f3nde me muevo. Es el hilo conductor de mi historia. El Sol brilla, s\u00ed, pero el Ascendente camina. Y yo, al final, me gu\u00edo m\u00e1s por quien camina que por quien ilumina.<\/p><p data-start=\"2213\" data-end=\"2570\"><strong>\u00bfTienes preguntas, ideas o simplemente quieres compartir tu carta astral conmigo?<\/strong> Puedes escribirme directamente a contacto@doblecielo.es o encontrarme en redes (los iconos est\u00e1n arriba y abajo). No tengo formulario pero s\u00ed ganas de leerte.<\/p><p data-start=\"2213\" data-end=\"2570\">\u00a0<\/p>\t\t\t\t\t\t\t\t<\/div>\n\t\t\t\t<\/div>\n\t\t\t\t\t<\/div>\n\t\t<\/div>\n\t\t\t\t\t<\/div>\n\t\t<\/section>\n\t\t\t\t<\/div>","protected":false},"excerpt":{"rendered":"<p>Mi M\u00e9todo Astrol\u00f3gico: entre el cielo tropical y sideral Hola, soy Lydia. Todo empez\u00f3 en la pandemia. Mientras el mundo se encerraba en sus casas, a m\u00ed me dio por [&hellip;]<\/p>","protected":false},"author":1,"featured_media":0,"parent":0,"menu_order":0,"comment_status":"closed","ping_status":"closed","template":"","meta":{"_seopress_robots_primary_cat":"","_seopress_titles_title":"","_seopress_titles_desc":"","_seopress_robots_index":"","site-sidebar-layout":"no-sidebar","site-content-layout":"page-builder","ast-site-content-layout":"default","site-content-style":"default","site-sidebar-style":"default","ast-global-header-display":"","ast-banner-title-visibility":"","ast-main-header-display":"","ast-hfb-above-header-display":"","ast-hfb-below-header-display":"","ast-hfb-mobile-header-display":"","site-post-title":"disabled","ast-breadcrumbs-content":"","ast-featured-img":"disabled","footer-sml-layout":"","ast-disable-related-posts":"","theme-transparent-header-meta":"default","adv-header-id-meta":"","stick-header-meta":"","header-above-stick-meta":"","header-main-stick-meta":"","header-below-stick-meta":"","astra-migrate-meta-layouts":"default","ast-page-background-enabled":"default","ast-page-background-meta":{"desktop":{"background-color":"","background-image":"","background-repeat":"repeat","background-position":"center center","background-size":"auto","background-attachment":"scroll","background-type":"","background-media":"","overlay-type":"","overlay-color":"","overlay-opacity":"","overlay-gradient":""},"tablet":{"background-color":"","background-image":"","background-repeat":"repeat","background-position":"center center","background-size":"auto","background-attachment":"scroll","background-type":"","background-media":"","overlay-type":"","overlay-color":"","overlay-opacity":"","overlay-gradient":""},"mobile":{"background-color":"","background-image":"","background-repeat":"repeat","background-position":"center center","background-size":"auto","background-attachment":"scroll","background-type":"","background-media":"","overlay-type":"","overlay-color":"","overlay-opacity":"","overlay-gradient":""}},"ast-content-background-meta":{"desktop":{"background-color":"var(--ast-global-color-5)","background-image":"","background-repeat":"repeat","background-position":"center center","background-size":"auto","background-attachment":"scroll","background-type":"","background-media":"","overlay-type":"","overlay-color":"","overlay-opacity":"","overlay-gradient":""},"tablet":{"background-color":"var(--ast-global-color-5)","background-image":"","background-repeat":"repeat","background-position":"center center","background-size":"auto","background-attachment":"scroll","background-type":"","background-media":"","overlay-type":"","overlay-color":"","overlay-opacity":"","overlay-gradient":""},"mobile":{"background-color":"var(--ast-global-color-5)","background-image":"","background-repeat":"repeat","background-position":"center center","background-size":"auto","background-attachment":"scroll","background-type":"","background-media":"","overlay-type":"","overlay-color":"","overlay-opacity":"","overlay-gradient":""}},"footnotes":""},"class_list":["post-621","page","type-page","status-publish","hentry"],"_links":{"self":[{"href":"https:\/\/doblecielo.es\/en\/wp-json\/wp\/v2\/pages\/621","targetHints":{"allow":["GET"]}}],"collection":[{"href":"https:\/\/doblecielo.es\/en\/wp-json\/wp\/v2\/pages"}],"about":[{"href":"https:\/\/doblecielo.es\/en\/wp-json\/wp\/v2\/types\/page"}],"author":[{"embeddable":true,"href":"https:\/\/doblecielo.es\/en\/wp-json\/wp\/v2\/users\/1"}],"replies":[{"embeddable":true,"href":"https:\/\/doblecielo.es\/en\/wp-json\/wp\/v2\/comments?post=621"}],"version-history":[{"count":59,"href":"https:\/\/doblecielo.es\/en\/wp-json\/wp\/v2\/pages\/621\/revisions"}],"predecessor-version":[{"id":2349,"href":"https:\/\/doblecielo.es\/en\/wp-json\/wp\/v2\/pages\/621\/revisions\/2349"}],"wp:attachment":[{"href":"https:\/\/doblecielo.es\/en\/wp-json\/wp\/v2\/media?parent=621"}],"curies":[{"name":"wp","href":"https:\/\/api.w.org\/{rel}","templated":true}]}}