{"id":2832,"date":"2025-06-30T18:33:21","date_gmt":"2025-06-30T16:33:21","guid":{"rendered":"https:\/\/doblecielo.es\/?page_id=2832"},"modified":"2025-06-30T18:45:33","modified_gmt":"2025-06-30T16:45:33","slug":"urano_geminis","status":"publish","type":"page","link":"https:\/\/doblecielo.es\/en\/michael_exito-2-2\/urano_geminis\/","title":{"rendered":"Urano en G\u00e9minis: el rayo entra en el circuito"},"content":{"rendered":"<div data-elementor-type=\"wp-page\" data-elementor-id=\"2832\" class=\"elementor elementor-2832\">\n\t\t\t\t<div class=\"elementor-element elementor-element-d2be25f e-flex e-con-boxed e-con e-parent\" data-id=\"d2be25f\" data-element_type=\"container\" data-e-type=\"container\">\n\t\t\t\t\t<div class=\"e-con-inner\">\n\t\t\t\t<div class=\"elementor-element elementor-element-9f5fc56 elementor-widget elementor-widget-heading\" data-id=\"9f5fc56\" data-element_type=\"widget\" data-e-type=\"widget\" data-widget_type=\"heading.default\">\n\t\t\t\t<div class=\"elementor-widget-container\">\n\t\t\t\t\t<h2 class=\"elementor-heading-title elementor-size-default\"><p><b>\ud83c\udf29\ufe0f Urano en G\u00e9minis: el rayo entra en el circuito<\/b><span style=\"font-size: 2.375rem;font-style: inherit\"><\/span><\/p><\/h2>\t\t\t\t<\/div>\n\t\t\t\t<\/div>\n\t\t\t\t\t<\/div>\n\t\t\t\t<\/div>\n\t\t<div class=\"elementor-element elementor-element-4cbad2d e-flex e-con-boxed e-con e-parent\" data-id=\"4cbad2d\" data-element_type=\"container\" data-e-type=\"container\">\n\t\t\t\t\t<div class=\"e-con-inner\">\n\t\t\t\t<div class=\"elementor-element elementor-element-4fd96ed elementor-widget elementor-widget-video\" data-id=\"4fd96ed\" data-element_type=\"widget\" data-e-type=\"widget\" data-settings=\"{&quot;youtube_url&quot;:&quot;https:\\\/\\\/www.youtube.com\\\/watch?v=xCtcA-Cf43o&quot;,&quot;video_type&quot;:&quot;youtube&quot;,&quot;controls&quot;:&quot;yes&quot;}\" data-widget_type=\"video.default\">\n\t\t\t\t<div class=\"elementor-widget-container\">\n\t\t\t\t\t\t\t<div class=\"elementor-wrapper elementor-open-inline\">\n\t\t\t<div class=\"elementor-video\"><\/div>\t\t<\/div>\n\t\t\t\t\t\t<\/div>\n\t\t\t\t<\/div>\n\t\t\t\t\t<\/div>\n\t\t\t\t<\/div>\n\t\t<div class=\"elementor-element elementor-element-79d8240 e-grid e-con-boxed e-con e-parent\" data-id=\"79d8240\" data-element_type=\"container\" data-e-type=\"container\">\n\t\t\t\t\t<div class=\"e-con-inner\">\n\t\t\t\t<div class=\"elementor-element elementor-element-c11ea8a elementor-widget elementor-widget-image\" data-id=\"c11ea8a\" data-element_type=\"widget\" data-e-type=\"widget\" data-widget_type=\"image.default\">\n\t\t\t\t<div class=\"elementor-widget-container\">\n\t\t\t\t\t\t\t\t\t\t\t\t\t\t\t<img alt=\"\" fetchpriority=\"high\" decoding=\"async\" width=\"701\" height=\"1024\" src=\"https:\/\/doblecielo.es\/wp-content\/uploads\/2025\/06\/URANO-1-701x1024.png\" class=\"attachment-large size-large wp-image-2836\" srcset=\"https:\/\/doblecielo.es\/wp-content\/uploads\/2025\/06\/URANO-1-701x1024.png 701w, https:\/\/doblecielo.es\/wp-content\/uploads\/2025\/06\/URANO-1-205x300.png 205w, https:\/\/doblecielo.es\/wp-content\/uploads\/2025\/06\/URANO-1-768x1122.png 768w, https:\/\/doblecielo.es\/wp-content\/uploads\/2025\/06\/URANO-1-8x12.png 8w, https:\/\/doblecielo.es\/wp-content\/uploads\/2025\/06\/URANO-1-600x877.png 600w, https:\/\/doblecielo.es\/wp-content\/uploads\/2025\/06\/URANO-1.png 832w\" sizes=\"(max-width: 701px) 100vw, 701px\" \/>\t\t\t\t\t\t\t\t\t\t\t\t\t\t\t<\/div>\n\t\t\t\t<\/div>\n\t\t\t\t<div class=\"elementor-element elementor-element-8d2a387 elementor-widget elementor-widget-text-editor\" data-id=\"8d2a387\" data-element_type=\"widget\" data-e-type=\"widget\" data-widget_type=\"text-editor.default\">\n\t\t\t\t<div class=\"elementor-widget-container\">\n\t\t\t\t\t\t\t\t\t<h3 data-start=\"251\" data-end=\"441\">LA LLEGADA DEL RAYO<\/h3><p data-start=\"251\" data-end=\"441\">Urano no anuncia su llegada.<br data-start=\"279\" data-end=\"282\" \/>Irrumpe como un rel\u00e1mpago que parte en dos la noche. Como un c\u00f3digo nuevo que irrumpe en el sistema sin previo aviso. No pide permiso. Simplemente, transforma.<\/p><p data-start=\"443\" data-end=\"725\">Es el planeta de la disrupci\u00f3n, de la revoluci\u00f3n, de la inteligencia que rompe moldes. Y ahora, por primera vez en m\u00e1s de ochenta a\u00f1os, vuelve a entrar en <strong data-start=\"598\" data-end=\"609\">G\u00e9minis<\/strong>, el signo del lenguaje, del pensamiento, de los desplazamientos cotidianos y de los mensajes que recorren el mundo.<\/p><blockquote data-start=\"727\" data-end=\"780\"><p data-start=\"729\" data-end=\"780\">\u00bfQu\u00e9 ocurre cuando el rayo se cuela en el circuito?<\/p><\/blockquote>\t\t\t\t\t\t\t\t<\/div>\n\t\t\t\t<\/div>\n\t\t\t\t\t<\/div>\n\t\t\t\t<\/div>\n\t\t<div class=\"elementor-element elementor-element-afbf6ed e-flex e-con-boxed e-con e-parent\" data-id=\"afbf6ed\" data-element_type=\"container\" data-e-type=\"container\">\n\t\t\t\t\t<div class=\"e-con-inner\">\n\t\t\t\t<div class=\"elementor-element elementor-element-59f5dcf elementor-widget elementor-widget-text-editor\" data-id=\"59f5dcf\" data-element_type=\"widget\" data-e-type=\"widget\" data-widget_type=\"text-editor.default\">\n\t\t\t\t<div class=\"elementor-widget-container\">\n\t\t\t\t\t\t\t\t\t<h2 data-start=\"787\" data-end=\"808\">EL MOMENTO C\u00d3SMICO<\/h2><p data-start=\"810\" data-end=\"956\">\ud83d\uddd3\ufe0f <strong data-start=\"814\" data-end=\"836\">7 de julio de 2025<\/strong>: Urano cruza la puerta de G\u00e9minis en el zod\u00edaco tropical.<br data-start=\"894\" data-end=\"897\" \/>\ud83d\uddd3\ufe0f <strong data-start=\"901\" data-end=\"918\">Julio de 2031<\/strong>: har\u00e1 lo mismo en el zod\u00edaco sideral.<\/p><p data-start=\"958\" data-end=\"1072\">Entre ambas fechas se abre una ventana especial: <strong data-start=\"1007\" data-end=\"1071\">un intervalo de dos a\u00f1os en los que ambos zod\u00edacos coinciden<\/strong>.<\/p><blockquote data-start=\"1074\" data-end=\"1202\"><p data-start=\"1076\" data-end=\"1202\">Cuando eso ocurre, la vibraci\u00f3n se intensifica.<br data-start=\"1123\" data-end=\"1126\" \/>Como si dos lenguajes antiguos activaran el mismo s\u00edmbolo al mismo tiempo.<\/p><\/blockquote><p data-start=\"1204\" data-end=\"1281\">Conviene prestar atenci\u00f3n. Pero antes de mirar al futuro, viajemos al pasado.<\/p><hr data-start=\"1283\" data-end=\"1286\" \/><h2 data-start=\"1288\" data-end=\"1317\">ECOS DEL PASADO: 1942\u20131949<\/h2><p data-start=\"1319\" data-end=\"1570\">La \u00faltima vez que Urano transit\u00f3 G\u00e9minis en el zod\u00edaco tropical fue entre <strong data-start=\"1393\" data-end=\"1408\">1942 y 1949<\/strong>. En plena Segunda Guerra Mundial, nac\u00edan en silencio tecnolog\u00edas que cambiar\u00edan el mundo:<br data-start=\"1498\" data-end=\"1501\" \/>\u2013 El radar<br data-start=\"1511\" data-end=\"1514\" \/>\u2013 Los primeros ordenadores<br data-start=\"1540\" data-end=\"1543\" \/>\u2013 El desciframiento del ADN<\/p><p data-start=\"1572\" data-end=\"1805\">Y en <strong data-start=\"1577\" data-end=\"1585\">1948<\/strong>, un evento pas\u00f3 casi desapercibido:<br data-start=\"1621\" data-end=\"1624\" \/>\ud83d\udef0\ufe0f <em data-start=\"1628\" data-end=\"1689\">El primer mono fue enviado al espacio desde Estados Unidos.<\/em><br data-start=\"1689\" data-end=\"1692\" \/>No sobrevivi\u00f3, pero su breve vuelo abri\u00f3 una nueva era. La humanidad comenzaba a mirar al cielo con otros ojos.<\/p><hr data-start=\"1807\" data-end=\"1810\" \/><h2 data-start=\"1812\" data-end=\"1836\">LA DIVISI\u00d3N DEL MUNDO<\/h2><p data-start=\"1838\" data-end=\"1997\">En el zod\u00edaco sideral, Urano entr\u00f3 en G\u00e9minis en <strong data-start=\"1887\" data-end=\"1895\">1947<\/strong> y permaneci\u00f3 all\u00ed hasta <strong data-start=\"1920\" data-end=\"1928\">1954<\/strong>. En ese tiempo, el planeta se parti\u00f3 en dos: comenz\u00f3 la Guerra Fr\u00eda.\u00a0<span style=\"font-style: inherit; font-weight: inherit;\">El poder dej\u00f3 de medirse solo en ej\u00e9rcitos. Ahora lo determinaban la informaci\u00f3n, la tecnolog\u00eda, los datos ocultos\u00a0<\/span><span style=\"font-style: inherit; font-weight: inherit;\">En <\/span><strong style=\"font-style: inherit;\" data-start=\"2119\" data-end=\"2127\">1949<\/strong><span style=\"font-style: inherit; font-weight: inherit;\">, la URSS deton\u00f3 su primera bomba at\u00f3mica. <\/span><span style=\"font-style: inherit; font-weight: inherit;\">El equilibrio mundial cambi\u00f3 para siempre.<\/span><\/p><hr data-start=\"2216\" data-end=\"2219\" \/><h2 data-start=\"2221\" data-end=\"2249\">LA CONVERGENCIA HIST\u00d3RICA<\/h2><p data-start=\"2251\" data-end=\"2368\">\ud83c\udf00 Entre 1947 y 1949, ambos zod\u00edacos coincidieron con Urano en G\u00e9minis.<br data-start=\"2322\" data-end=\"2325\" \/>Y durante ese cruce&#8230; <strong data-start=\"2348\" data-end=\"2367\">todo se aceler\u00f3<\/strong>.<\/p><p data-start=\"2370\" data-end=\"2472\">\ud83c\udf10 Se fund\u00f3 la OTAN:<br data-start=\"2390\" data-end=\"2393\" \/>Una alianza global basada en inteligencia, comunicaci\u00f3n y estrategia colectiva.<\/p><p data-start=\"2474\" data-end=\"2602\">\ud83d\udc7d En Roswell, el mundo comenz\u00f3 a hablar de OVNIs.<br data-start=\"2524\" data-end=\"2527\" \/>La humanidad levant\u00f3 la mirada, entre el miedo y el deseo de trascendencia.<\/p><hr data-start=\"2604\" data-end=\"2607\" \/><h2 data-start=\"2609\" data-end=\"2634\">LA CARTA DEL DESPERTAR<\/h2><p data-start=\"2636\" data-end=\"2764\">Cuando Urano entre en G\u00e9minis en 2025, la carta astral del momento \u2014si la observamos desde Espa\u00f1a\u2014 nos revela un patr\u00f3n potente:<\/p><p data-start=\"2766\" data-end=\"2887\">\ud83c\udf19 <strong data-start=\"2769\" data-end=\"2780\">La Luna<\/strong>, s\u00edmbolo del pueblo, se sit\u00faa entre casas 4 y 5:<br data-start=\"2829\" data-end=\"2832\" \/>\u2013 el hogar,<br data-start=\"2843\" data-end=\"2846\" \/>\u2013 el disfrute,<br data-start=\"2860\" data-end=\"2863\" \/>\u2013 el deseo de seguridad.<\/p><p data-start=\"2889\" data-end=\"3013\">\u26a1 <strong data-start=\"2891\" data-end=\"2908\">Urano y Venus<\/strong>, en cambio, est\u00e1n juntos en las casas 10 y 11:<br data-start=\"2955\" data-end=\"2958\" \/>\u2013 el gobierno,<br data-start=\"2972\" data-end=\"2975\" \/>\u2013 los medios,<br data-start=\"2988\" data-end=\"2991\" \/>\u2013 los grupos de poder.<\/p><hr data-start=\"3015\" data-end=\"3018\" \/><h2 data-start=\"3020\" data-end=\"3044\">LA TENSI\u00d3N REVELADORA<\/h2><p data-start=\"3046\" data-end=\"3175\">Venus aqu\u00ed representa tanto al poder como a los medios. Y al fundirse con Urano, genera <strong data-start=\"3134\" data-end=\"3174\">disonancia, cortocircuito, conflicto<\/strong>.<\/p><blockquote data-start=\"3177\" data-end=\"3311\"><p data-start=\"3179\" data-end=\"3311\">El pueblo no se siente representado.<br data-start=\"3215\" data-end=\"3218\" \/>La narrativa oficial no conecta con su sentir.<br data-start=\"3266\" data-end=\"3269\" \/>Hay una brecha entre ciudadan\u00eda y poder.<\/p><\/blockquote><hr data-start=\"3313\" data-end=\"3316\" \/><h2 data-start=\"3318\" data-end=\"3340\">EL PUNTO DE RUPTURA<\/h2><p data-start=\"3342\" data-end=\"3461\">\ud83d\uddd3\ufe0f <strong data-start=\"3346\" data-end=\"3363\">Junio de 2026<\/strong>: Urano toca el mismo punto donde Venus estaba al entrar en G\u00e9minis.<br data-start=\"3431\" data-end=\"3434\" \/>Ese es el <em data-start=\"3444\" data-end=\"3460\">desencadenante <\/em>y pueden salir temas pendientes que surgieron en julio de 2025.<\/p><p data-start=\"3463\" data-end=\"3670\">\ud83c\udf38 Venus, planeta femenino y regente del poder en esta carta, puede manifestarse como:<br data-start=\"3549\" data-end=\"3552\" \/>\u2013 la irrupci\u00f3n inesperada de mujeres intelectuales o comunicadoras,<br data-start=\"3619\" data-end=\"3622\" \/>\u2013 o su retirada repentina de puestos relevantes.<\/p><hr data-start=\"3672\" data-end=\"3675\" \/><h2 data-start=\"3677\" data-end=\"3696\">LA MANIFESTACI\u00d3N<\/h2><p data-start=\"3698\" data-end=\"3807\">Lo que en 2025 era tensi\u00f3n latente, en 2026 se hace visible.<br data-start=\"3758\" data-end=\"3761\" \/>Hay una crisis de imagen. El pueblo exige voz.<\/p><p data-start=\"3809\" data-end=\"3909\">\ud83c\udf11 Y en <strong data-start=\"3817\" data-end=\"3835\">agosto de 2026<\/strong>, llega un <strong data-start=\"3846\" data-end=\"3869\">eclipse solar total<\/strong>.<br data-start=\"3870\" data-end=\"3873\" \/>Un corte de luz literal y simb\u00f3lico.<\/p><blockquote data-start=\"3911\" data-end=\"3980\"><p data-start=\"3913\" data-end=\"3980\">Lo que estaba dormido, despierta.<br data-start=\"3946\" data-end=\"3949\" \/>Lo que se tem\u00eda, se confirma.<\/p><\/blockquote><hr data-start=\"3982\" data-end=\"3985\" \/><h2 data-start=\"3987\" data-end=\"4008\">EL NUEVO PARADIGMA<\/h2><p data-start=\"4010\" data-end=\"4109\">As\u00ed como en 1948 se envi\u00f3 un mono al espacio, podr\u00edamos ser testigos de nuevos saltos tecnol\u00f3gicos:<\/p><p data-start=\"4111\" data-end=\"4245\">\ud83d\ude80 avances en movilidad<br data-start=\"4134\" data-end=\"4137\" \/>\ud83e\udde0 integraci\u00f3n entre inteligencia artificial y cuerpo humano<br data-start=\"4197\" data-end=\"4200\" \/>\ud83d\udd2e nuevas formas de comunicaci\u00f3n y transporte<\/p><blockquote data-start=\"4247\" data-end=\"4364\"><p data-start=\"4249\" data-end=\"4364\">La frontera entre humano y m\u00e1quina se vuelve sutil.<br data-start=\"4300\" data-end=\"4303\" \/>La movilidad ya no ser\u00e1 solo f\u00edsica: ser\u00e1 mental y digital.<\/p><\/blockquote><hr data-start=\"4366\" data-end=\"4369\" \/><h2 data-start=\"4371\" data-end=\"4398\">EL LLAMADO A LA LIBERTAD<\/h2><p data-start=\"4400\" data-end=\"4428\">Y no se trata solo de Urano.<\/p><p data-start=\"4430\" data-end=\"4677\">\ud83c\udf0c Todos los planetas lentos est\u00e1n cambiando de signo:<br data-start=\"4484\" data-end=\"4487\" \/>\u2013 <strong data-start=\"4489\" data-end=\"4510\">Plut\u00f3n en Acuario<\/strong>: el poder se digitaliza.<br data-start=\"4535\" data-end=\"4538\" \/>\u2013 <strong data-start=\"4540\" data-end=\"4560\">Saturno en Aries<\/strong>: estructuras caen, liderazgos nuevos emergen.<br data-start=\"4606\" data-end=\"4609\" \/>\u2013 <strong data-start=\"4611\" data-end=\"4632\">J\u00fapiter en C\u00e1ncer<\/strong>: el crecimiento real empieza desde el hogar.<\/p><p data-start=\"4679\" data-end=\"4791\">Ahora, Urano entra en G\u00e9minis. Y la revoluci\u00f3n no ser\u00e1 solo tecnol\u00f3gica.<br data-start=\"4751\" data-end=\"4754\" \/>Ser\u00e1 educativa, simb\u00f3lica, emocional.<\/p><blockquote data-start=\"4793\" data-end=\"4857\"><p data-start=\"4795\" data-end=\"4857\">El cielo entero se est\u00e1 reorganizando.<br data-start=\"4833\" data-end=\"4836\" \/>Y nosotros\u2026 con \u00e9l<\/p><\/blockquote>\t\t\t\t\t\t\t\t<\/div>\n\t\t\t\t<\/div>\n\t\t\t\t\t<\/div>\n\t\t\t\t<\/div>\n\t\t\t\t<\/div>","protected":false},"excerpt":{"rendered":"<p>\ud83c\udf29\ufe0f Urano en G\u00e9minis: el rayo entra en el circuito LA LLEGADA DEL RAYO Urano no anuncia su llegada.Irrumpe como un rel\u00e1mpago que parte en dos la noche. Como un [&hellip;]<\/p>","protected":false},"author":1,"featured_media":0,"parent":1532,"menu_order":0,"comment_status":"closed","ping_status":"closed","template":"","meta":{"_seopress_robots_primary_cat":"","_seopress_titles_title":"","_seopress_titles_desc":"","_seopress_robots_index":"","site-sidebar-layout":"no-sidebar","site-content-layout":"page-builder","ast-site-content-layout":"full-width-container","site-content-style":"default","site-sidebar-style":"default","ast-global-header-display":"","ast-banner-title-visibility":"","ast-main-header-display":"","ast-hfb-above-header-display":"","ast-hfb-below-header-display":"","ast-hfb-mobile-header-display":"","site-post-title":"disabled","ast-breadcrumbs-content":"","ast-featured-img":"disabled","footer-sml-layout":"","ast-disable-related-posts":"","theme-transparent-header-meta":"","adv-header-id-meta":"","stick-header-meta":"","header-above-stick-meta":"","header-main-stick-meta":"","header-below-stick-meta":"","astra-migrate-meta-layouts":"set","ast-page-background-enabled":"default","ast-page-background-meta":{"desktop":{"background-color":"","background-image":"","background-repeat":"repeat","background-position":"center center","background-size":"auto","background-attachment":"scroll","background-type":"","background-media":"","overlay-type":"","overlay-color":"","overlay-opacity":"","overlay-gradient":""},"tablet":{"background-color":"","background-image":"","background-repeat":"repeat","background-position":"center center","background-size":"auto","background-attachment":"scroll","background-type":"","background-media":"","overlay-type":"","overlay-color":"","overlay-opacity":"","overlay-gradient":""},"mobile":{"background-color":"","background-image":"","background-repeat":"repeat","background-position":"center center","background-size":"auto","background-attachment":"scroll","background-type":"","background-media":"","overlay-type":"","overlay-color":"","overlay-opacity":"","overlay-gradient":""}},"ast-content-background-meta":{"desktop":{"background-color":"var(--ast-global-color-5)","background-image":"","background-repeat":"repeat","background-position":"center center","background-size":"auto","background-attachment":"scroll","background-type":"","background-media":"","overlay-type":"","overlay-color":"","overlay-opacity":"","overlay-gradient":""},"tablet":{"background-color":"var(--ast-global-color-5)","background-image":"","background-repeat":"repeat","background-position":"center center","background-size":"auto","background-attachment":"scroll","background-type":"","background-media":"","overlay-type":"","overlay-color":"","overlay-opacity":"","overlay-gradient":""},"mobile":{"background-color":"var(--ast-global-color-5)","background-image":"","background-repeat":"repeat","background-position":"center center","background-size":"auto","background-attachment":"scroll","background-type":"","background-media":"","overlay-type":"","overlay-color":"","overlay-opacity":"","overlay-gradient":""}},"footnotes":""},"class_list":["post-2832","page","type-page","status-publish","hentry"],"_links":{"self":[{"href":"https:\/\/doblecielo.es\/en\/wp-json\/wp\/v2\/pages\/2832","targetHints":{"allow":["GET"]}}],"collection":[{"href":"https:\/\/doblecielo.es\/en\/wp-json\/wp\/v2\/pages"}],"about":[{"href":"https:\/\/doblecielo.es\/en\/wp-json\/wp\/v2\/types\/page"}],"author":[{"embeddable":true,"href":"https:\/\/doblecielo.es\/en\/wp-json\/wp\/v2\/users\/1"}],"replies":[{"embeddable":true,"href":"https:\/\/doblecielo.es\/en\/wp-json\/wp\/v2\/comments?post=2832"}],"version-history":[{"count":10,"href":"https:\/\/doblecielo.es\/en\/wp-json\/wp\/v2\/pages\/2832\/revisions"}],"predecessor-version":[{"id":2848,"href":"https:\/\/doblecielo.es\/en\/wp-json\/wp\/v2\/pages\/2832\/revisions\/2848"}],"up":[{"embeddable":true,"href":"https:\/\/doblecielo.es\/en\/wp-json\/wp\/v2\/pages\/1532"}],"wp:attachment":[{"href":"https:\/\/doblecielo.es\/en\/wp-json\/wp\/v2\/media?parent=2832"}],"curies":[{"name":"wp","href":"https:\/\/api.w.org\/{rel}","templated":true}]}}