{"id":2816,"date":"2025-06-18T16:22:58","date_gmt":"2025-06-18T14:22:58","guid":{"rendered":"https:\/\/doblecielo.es\/?page_id=2816"},"modified":"2025-06-18T16:25:29","modified_gmt":"2025-06-18T14:25:29","slug":"kim_kardashian","status":"publish","type":"page","link":"https:\/\/doblecielo.es\/en\/momentos_estrella\/kim_kardashian\/","title":{"rendered":"Kim Kardashian, el video filtrado y lo que revelaba su carta astral"},"content":{"rendered":"<div data-elementor-type=\"wp-page\" data-elementor-id=\"2816\" class=\"elementor elementor-2816\">\n\t\t\t\t<div class=\"elementor-element elementor-element-d2be25f e-flex e-con-boxed e-con e-parent\" data-id=\"d2be25f\" data-element_type=\"container\" data-e-type=\"container\">\n\t\t\t\t\t<div class=\"e-con-inner\">\n\t\t\t\t<div class=\"elementor-element elementor-element-9f5fc56 elementor-widget elementor-widget-heading\" data-id=\"9f5fc56\" data-element_type=\"widget\" data-e-type=\"widget\" data-widget_type=\"heading.default\">\n\t\t\t\t<div class=\"elementor-widget-container\">\n\t\t\t\t\t<h2 class=\"elementor-heading-title elementor-size-default\">El esc\u00e1ndalo que lo cambi\u00f3 todo: Kim Kardashian, el video filtrado y lo que revelaba su carta astral<\/h2>\t\t\t\t<\/div>\n\t\t\t\t<\/div>\n\t\t\t\t\t<\/div>\n\t\t\t\t<\/div>\n\t\t<div class=\"elementor-element elementor-element-79d8240 e-grid e-con-boxed e-con e-parent\" data-id=\"79d8240\" data-element_type=\"container\" data-e-type=\"container\">\n\t\t\t\t\t<div class=\"e-con-inner\">\n\t\t\t\t<div class=\"elementor-element elementor-element-c11ea8a elementor-widget elementor-widget-image\" data-id=\"c11ea8a\" data-element_type=\"widget\" data-e-type=\"widget\" data-widget_type=\"image.default\">\n\t\t\t\t<div class=\"elementor-widget-container\">\n\t\t\t\t\t\t\t\t\t\t\t\t\t\t\t<img alt=\"\" fetchpriority=\"high\" decoding=\"async\" width=\"768\" height=\"1122\" src=\"https:\/\/doblecielo.es\/wp-content\/uploads\/2025\/06\/Sin-titulo-900-x-1024-px-1024-x-1024-px-832-x-1216-px-1-768x1122.png\" class=\"attachment-medium_large size-medium_large wp-image-2810\" srcset=\"https:\/\/doblecielo.es\/wp-content\/uploads\/2025\/06\/Sin-titulo-900-x-1024-px-1024-x-1024-px-832-x-1216-px-1-768x1122.png 768w, https:\/\/doblecielo.es\/wp-content\/uploads\/2025\/06\/Sin-titulo-900-x-1024-px-1024-x-1024-px-832-x-1216-px-1-205x300.png 205w, https:\/\/doblecielo.es\/wp-content\/uploads\/2025\/06\/Sin-titulo-900-x-1024-px-1024-x-1024-px-832-x-1216-px-1-701x1024.png 701w, https:\/\/doblecielo.es\/wp-content\/uploads\/2025\/06\/Sin-titulo-900-x-1024-px-1024-x-1024-px-832-x-1216-px-1-8x12.png 8w, https:\/\/doblecielo.es\/wp-content\/uploads\/2025\/06\/Sin-titulo-900-x-1024-px-1024-x-1024-px-832-x-1216-px-1-600x877.png 600w, https:\/\/doblecielo.es\/wp-content\/uploads\/2025\/06\/Sin-titulo-900-x-1024-px-1024-x-1024-px-832-x-1216-px-1.png 832w\" sizes=\"(max-width: 768px) 100vw, 768px\" \/>\t\t\t\t\t\t\t\t\t\t\t\t\t\t\t<\/div>\n\t\t\t\t<\/div>\n\t\t\t\t<div class=\"elementor-element elementor-element-8d2a387 elementor-widget elementor-widget-text-editor\" data-id=\"8d2a387\" data-element_type=\"widget\" data-e-type=\"widget\" data-widget_type=\"text-editor.default\">\n\t\t\t\t<div class=\"elementor-widget-container\">\n\t\t\t\t\t\t\t\t\t<p>En febrero de 2007, el nombre de Kim Kardashian comenz\u00f3 a circular por el mundo por las razones menos glamurosas. Ocho meses despu\u00e9s, ese mismo nombre encabezaba uno de los realities m\u00e1s vistos de la televisi\u00f3n por cable. \u00bfAccidente medi\u00e1tico o jugada maestra?<\/p><p>Su carta natal \u2014vista desde el zodiaco tropical y tambi\u00e9n desde el sideral\u2014 parece tener la respuesta. Y ambos sistemas astrol\u00f3gicos, aunque diferentes, <strong>apuntan al mismo s\u00edmbolo: un a\u00f1o marcado por Saturno, por la Casa 3 de la comunicaci\u00f3n, y por la activaci\u00f3n de lo \u00edntimo a escala global<\/strong>.<\/p>\t\t\t\t\t\t\t\t<\/div>\n\t\t\t\t<\/div>\n\t\t\t\t\t<\/div>\n\t\t\t\t<\/div>\n\t\t<div class=\"elementor-element elementor-element-00e0f46 e-flex e-con-boxed e-con e-parent\" data-id=\"00e0f46\" data-element_type=\"container\" data-e-type=\"container\">\n\t\t\t\t\t<div class=\"e-con-inner\">\n\t\t\t\t<div class=\"elementor-element elementor-element-60074ce elementor-widget elementor-widget-video\" data-id=\"60074ce\" data-element_type=\"widget\" data-e-type=\"widget\" data-settings=\"{&quot;youtube_url&quot;:&quot;https:\\\/\\\/www.youtube.com\\\/watch?v=_25O8nGDNOs&quot;,&quot;video_type&quot;:&quot;youtube&quot;,&quot;controls&quot;:&quot;yes&quot;}\" data-widget_type=\"video.default\">\n\t\t\t\t<div class=\"elementor-widget-container\">\n\t\t\t\t\t\t\t<div class=\"elementor-wrapper elementor-open-inline\">\n\t\t\t<div class=\"elementor-video\"><\/div>\t\t<\/div>\n\t\t\t\t\t\t<\/div>\n\t\t\t\t<\/div>\n\t\t\t\t\t<\/div>\n\t\t\t\t<\/div>\n\t\t<div class=\"elementor-element elementor-element-07eb878 e-grid e-con-boxed e-con e-parent\" data-id=\"07eb878\" data-element_type=\"container\" data-e-type=\"container\">\n\t\t\t\t\t<div class=\"e-con-inner\">\n\t\t\t\t<div class=\"elementor-element elementor-element-b518edc elementor-widget elementor-widget-image\" data-id=\"b518edc\" data-element_type=\"widget\" data-e-type=\"widget\" data-widget_type=\"image.default\">\n\t\t\t\t<div class=\"elementor-widget-container\">\n\t\t\t\t\t\t\t\t\t\t\t\t\t\t\t<img alt=\"\" decoding=\"async\" width=\"741\" height=\"724\" data-src=\"https:\/\/doblecielo.es\/wp-content\/uploads\/2025\/06\/tropical.png\" class=\"attachment-large size-large wp-image-2818 lazyload\" data-srcset=\"https:\/\/doblecielo.es\/wp-content\/uploads\/2025\/06\/tropical.png 741w, https:\/\/doblecielo.es\/wp-content\/uploads\/2025\/06\/tropical-300x293.png 300w, https:\/\/doblecielo.es\/wp-content\/uploads\/2025\/06\/tropical-12x12.png 12w, https:\/\/doblecielo.es\/wp-content\/uploads\/2025\/06\/tropical-600x586.png 600w\" data-sizes=\"(max-width: 741px) 100vw, 741px\" src=\"data:image\/svg+xml;base64,PHN2ZyB3aWR0aD0iMSIgaGVpZ2h0PSIxIiB4bWxucz0iaHR0cDovL3d3dy53My5vcmcvMjAwMC9zdmciPjwvc3ZnPg==\" style=\"--smush-placeholder-width: 741px; --smush-placeholder-aspect-ratio: 741\/724;\" \/>\t\t\t\t\t\t\t\t\t\t\t\t\t\t\t<\/div>\n\t\t\t\t<\/div>\n\t\t\t\t<div class=\"elementor-element elementor-element-eb98281 elementor-widget elementor-widget-text-editor\" data-id=\"eb98281\" data-element_type=\"widget\" data-e-type=\"widget\" data-widget_type=\"text-editor.default\">\n\t\t\t\t<div class=\"elementor-widget-container\">\n\t\t\t\t\t\t\t\t\t<h3><strong>ZOD\u00cdACO TROPICAL<\/strong><\/h3>\t\t\t\t\t\t\t\t<\/div>\n\t\t\t\t<\/div>\n\t\t\t\t\t<\/div>\n\t\t\t\t<\/div>\n\t\t<div class=\"elementor-element elementor-element-35597b0 e-flex e-con-boxed e-con e-parent\" data-id=\"35597b0\" data-element_type=\"container\" data-e-type=\"container\">\n\t\t\t\t\t<div class=\"e-con-inner\">\n\t\t\t\t<div class=\"elementor-element elementor-element-797993e elementor-widget elementor-widget-text-editor\" data-id=\"797993e\" data-element_type=\"widget\" data-e-type=\"widget\" data-widget_type=\"text-editor.default\">\n\t\t\t\t<div class=\"elementor-widget-container\">\n\t\t\t\t\t\t\t\t\t<h3><strong>La herida p\u00fablica: la filtraci\u00f3n y la activaci\u00f3n de la Casa 3 tropical<\/strong><\/h3><p>En marzo de 2007, cuando se filtra el video sexual que cambiar\u00eda su destino, la profecci\u00f3n anual de Kim Kardashian cae en la <strong>Casa 3<\/strong>, en el signo de <strong>Acuario<\/strong>. En astrolog\u00eda helen\u00edstica, esta casa habla de comunicaci\u00f3n, medios, entornos cercanos, contratos y tambi\u00e9n de los hermanos. Su regente es <strong>Saturno<\/strong>, que se convierte ese a\u00f1o en el <strong>se\u00f1or del tiempo<\/strong>, marcando un tono serio, k\u00e1rmico y estructurador.<\/p><p>Saturno, adem\u00e1s, rige la <strong>Casa 2 natal<\/strong>, que trata del dinero, muy ligada a los recursos y posesiones. Y se encuentra en el mediocielo y la <strong>Casa 11<\/strong>, en Libra, haciendo <strong>sextil a Marte<\/strong>, el planeta m\u00e1s mal\u00e9fico de su carta por tratarse de una carta diurna. Marte, adem\u00e1s, rige nada menos que la <strong>Casa 5 (placer, sexo, romances)<\/strong> y la <strong>Casa 12 (lo oculto, lo clandestino, lo vulnerable)<\/strong>.<\/p><p>En la revoluci\u00f3n solar de 2006 (la que ten\u00eda en ese momento), el Ascendente cae en la <strong>Casa 5 natal<\/strong>, y <strong>Saturno se ubica tambi\u00e9n en la Casa 5<\/strong>. Todo converge: el a\u00f1o estaba te\u00f1ido por temas sexuales, rom\u00e1nticos y p\u00fablicos. Saturno en Leo pone el foco en el Sol, que en esa revoluci\u00f3n est\u00e1 conjunto a Marte, justo en la <strong>Casa 7<\/strong> \u2014la casa de la pareja. Y s\u00ed, el video en cuesti\u00f3n afecta a Kim y a la ex pareja.<\/p><p>Marte en la revoluci\u00f3n rige las casas <strong>1 y 8<\/strong>, lo que habla de crisis personales. Capricornio y Acuario caen en casas <strong>10 y 11<\/strong>, reforzando el peso p\u00fablico de lo que ocurre. La Casa 3 de esa revoluci\u00f3n est\u00e1 en G\u00e9minis, y su regente <strong>Mercurio<\/strong> se encuentra en Casa 8 conjunto a <strong>J\u00fapiter<\/strong>, marcando cr\u00edticas, juicios y pol\u00e9mica social.<\/p><p><strong>Saturno hace cuadratura a Mercurio<\/strong>, lo que refuerza la carga de esc\u00e1ndalo, juicio y exposici\u00f3n. Pero tambi\u00e9n hace sextil a Venus (regente de la 2), activando la <strong>monetizaci\u00f3n de lo escandaloso<\/strong>.<\/p>\t\t\t\t\t\t\t\t<\/div>\n\t\t\t\t<\/div>\n\t\t\t\t\t<\/div>\n\t\t\t\t<\/div>\n\t\t<div class=\"elementor-element elementor-element-b5f6620 e-flex e-con-boxed e-con e-parent\" data-id=\"b5f6620\" data-element_type=\"container\" data-e-type=\"container\">\n\t\t\t\t\t<div class=\"e-con-inner\">\n\t\t<div class=\"elementor-element elementor-element-f919cf8 e-grid e-con-full e-con e-child\" data-id=\"f919cf8\" data-element_type=\"container\" data-e-type=\"container\">\n\t\t\t\t<div class=\"elementor-element elementor-element-c0a76f7 elementor-widget elementor-widget-image\" data-id=\"c0a76f7\" data-element_type=\"widget\" data-e-type=\"widget\" data-widget_type=\"image.default\">\n\t\t\t\t<div class=\"elementor-widget-container\">\n\t\t\t\t\t\t\t\t\t\t\t\t\t\t\t<img alt=\"\" decoding=\"async\" width=\"703\" height=\"693\" data-src=\"https:\/\/doblecielo.es\/wp-content\/uploads\/2025\/06\/revolucion_tropical.png\" class=\"attachment-large size-large wp-image-2820 lazyload\" data-srcset=\"https:\/\/doblecielo.es\/wp-content\/uploads\/2025\/06\/revolucion_tropical.png 703w, https:\/\/doblecielo.es\/wp-content\/uploads\/2025\/06\/revolucion_tropical-300x296.png 300w, https:\/\/doblecielo.es\/wp-content\/uploads\/2025\/06\/revolucion_tropical-12x12.png 12w, https:\/\/doblecielo.es\/wp-content\/uploads\/2025\/06\/revolucion_tropical-600x591.png 600w, https:\/\/doblecielo.es\/wp-content\/uploads\/2025\/06\/revolucion_tropical-100x100.png 100w\" data-sizes=\"(max-width: 703px) 100vw, 703px\" src=\"data:image\/svg+xml;base64,PHN2ZyB3aWR0aD0iMSIgaGVpZ2h0PSIxIiB4bWxucz0iaHR0cDovL3d3dy53My5vcmcvMjAwMC9zdmciPjwvc3ZnPg==\" style=\"--smush-placeholder-width: 703px; --smush-placeholder-aspect-ratio: 703\/693;\" \/>\t\t\t\t\t\t\t\t\t\t\t\t\t\t\t<\/div>\n\t\t\t\t<\/div>\n\t\t\t\t<div class=\"elementor-element elementor-element-b1c50de elementor-widget elementor-widget-text-editor\" data-id=\"b1c50de\" data-element_type=\"widget\" data-e-type=\"widget\" data-widget_type=\"text-editor.default\">\n\t\t\t\t<div class=\"elementor-widget-container\">\n\t\t\t\t\t\t\t\t\t<h4><strong>REVOLUCI\u00d3N SOLAR<\/strong><\/h4>\t\t\t\t\t\t\t\t<\/div>\n\t\t\t\t<\/div>\n\t\t\t\t<\/div>\n\t\t\t\t\t<\/div>\n\t\t\t\t<\/div>\n\t\t<div class=\"elementor-element elementor-element-e035db6 e-flex e-con-boxed e-con e-parent\" data-id=\"e035db6\" data-element_type=\"container\" data-e-type=\"container\">\n\t\t\t\t\t<div class=\"e-con-inner\">\n\t\t\t\t<div class=\"elementor-element elementor-element-9c39685 elementor-widget elementor-widget-text-editor\" data-id=\"9c39685\" data-element_type=\"widget\" data-e-type=\"widget\" data-widget_type=\"text-editor.default\">\n\t\t\t\t<div class=\"elementor-widget-container\">\n\t\t\t\t\t\t\t\t\t<h3><strong>Placer, sexo y dinero: el s\u00edmbolo de la Casa 5 activada<\/strong><\/h3><p>Si juntamos las piezas: la profecci\u00f3n anual cae en Casa 3, regida por Saturno. Saturno est\u00e1 en Casa 5 en la revoluci\u00f3n. Marte, regente de la 5 y la 12, en conjunci\u00f3n con el Sol en Casa 7. Venus implicada.<br \/>Todo se\u00f1ala hacia lo mismo: <strong>una historia de placer y traici\u00f3n<\/strong>, una intimidad que se usa en beneficio de otra persona. El juicio social est\u00e1 ah\u00ed, pero tambi\u00e9n la rentabilidad. Venus, al estar bien aspectada, sugiere que lo que parec\u00eda una ca\u00edda se convierte en capital.<\/p><h3><strong>El peso de Saturno: entre el esc\u00e1ndalo y el control de imagen<\/strong><\/h3><p>Saturno, ese planeta del tiempo, las estructuras y las lecciones duras, marca el ritmo de este a\u00f1o. Lo que parece una derrota es en realidad un proceso de construcci\u00f3n. Saturno es el arquitecto de lo duradero, pero en 2007 lo hace a trav\u00e9s de la incomodidad. Desde su casa 11 natal, teje redes: alianzas, exposiciones, repercusiones sociales.<br \/><strong>Ese esc\u00e1ndalo no destruye a Kim. La lanza.<\/strong><\/p>\t\t\t\t\t\t\t\t<\/div>\n\t\t\t\t<\/div>\n\t\t\t\t\t<\/div>\n\t\t\t\t<\/div>\n\t\t<div class=\"elementor-element elementor-element-26cb0d5 e-flex e-con-boxed e-con e-parent\" data-id=\"26cb0d5\" data-element_type=\"container\" data-e-type=\"container\">\n\t\t\t\t\t<div class=\"e-con-inner\">\n\t\t\t\t<div class=\"elementor-element elementor-element-aab709f elementor-widget elementor-widget-text-editor\" data-id=\"aab709f\" data-element_type=\"widget\" data-e-type=\"widget\" data-widget_type=\"text-editor.default\">\n\t\t\t\t<div class=\"elementor-widget-container\">\n\t\t\t\t\t\t\t\t\t<h3><strong>El mismo destino, otro lenguaje: la mirada sideral<\/strong><\/h3>\t\t\t\t\t\t\t\t<\/div>\n\t\t\t\t<\/div>\n\t\t\t\t\t<\/div>\n\t\t\t\t<\/div>\n\t\t<div class=\"elementor-element elementor-element-77768c1 e-grid e-con-boxed e-con e-parent\" data-id=\"77768c1\" data-element_type=\"container\" data-e-type=\"container\">\n\t\t\t\t\t<div class=\"e-con-inner\">\n\t\t\t\t<div class=\"elementor-element elementor-element-40f79f2 elementor-widget elementor-widget-text-editor\" data-id=\"40f79f2\" data-element_type=\"widget\" data-e-type=\"widget\" data-widget_type=\"text-editor.default\">\n\t\t\t\t<div class=\"elementor-widget-container\">\n\t\t\t\t\t\t\t\t\t<p>En el zodiaco sideral, <strong>la casa profectada tambi\u00e9n es la Casa 3<\/strong>, esta vez en <strong>Capricornio<\/strong>. \u00bfEl regente? Otra vez <strong>Saturno<\/strong>. El mensaje se repite. Ahora, Saturno est\u00e1 en <strong>Virgo<\/strong>, y se ubica justo en el <strong>Mediocielo<\/strong>, conjunto a <strong>J\u00fapiter<\/strong>, regente de la Casa 5 sideral (placer, sexualidad). Ambos planetas est\u00e1n <strong>en oposici\u00f3n a la Luna en Piscis, en Casa 5<\/strong>.<\/p><p>La exposici\u00f3n de lo \u00edntimo, la amplificaci\u00f3n de lo privado, y el esc\u00e1ndalo como catalizador del ascenso social est\u00e1n perfectamente simbolizados en esta oposici\u00f3n.<br \/>J\u00fapiter, al estar en el MC junto a Saturno, convierte ese \u201ccastigo\u201d en una oportunidad visible.<\/p>\t\t\t\t\t\t\t\t<\/div>\n\t\t\t\t<\/div>\n\t\t\t\t<div class=\"elementor-element elementor-element-d2207ce elementor-widget elementor-widget-image\" data-id=\"d2207ce\" data-element_type=\"widget\" data-e-type=\"widget\" data-widget_type=\"image.default\">\n\t\t\t\t<div class=\"elementor-widget-container\">\n\t\t\t\t\t\t\t\t\t\t\t\t\t\t\t<img alt=\"\" decoding=\"async\" width=\"759\" height=\"731\" data-src=\"https:\/\/doblecielo.es\/wp-content\/uploads\/2025\/06\/sideral-1.png\" class=\"attachment-large size-large wp-image-2821 lazyload\" data-srcset=\"https:\/\/doblecielo.es\/wp-content\/uploads\/2025\/06\/sideral-1.png 759w, https:\/\/doblecielo.es\/wp-content\/uploads\/2025\/06\/sideral-1-300x289.png 300w, https:\/\/doblecielo.es\/wp-content\/uploads\/2025\/06\/sideral-1-12x12.png 12w, https:\/\/doblecielo.es\/wp-content\/uploads\/2025\/06\/sideral-1-600x578.png 600w\" data-sizes=\"(max-width: 759px) 100vw, 759px\" src=\"data:image\/svg+xml;base64,PHN2ZyB3aWR0aD0iMSIgaGVpZ2h0PSIxIiB4bWxucz0iaHR0cDovL3d3dy53My5vcmcvMjAwMC9zdmciPjwvc3ZnPg==\" style=\"--smush-placeholder-width: 759px; --smush-placeholder-aspect-ratio: 759\/731;\" \/>\t\t\t\t\t\t\t\t\t\t\t\t\t\t\t<\/div>\n\t\t\t\t<\/div>\n\t\t\t\t\t<\/div>\n\t\t\t\t<\/div>\n\t\t<div class=\"elementor-element elementor-element-adc2c91 e-flex e-con-boxed e-con e-parent\" data-id=\"adc2c91\" data-element_type=\"container\" data-e-type=\"container\">\n\t\t\t\t\t<div class=\"e-con-inner\">\n\t\t\t\t<div class=\"elementor-element elementor-element-622a388 elementor-widget elementor-widget-text-editor\" data-id=\"622a388\" data-element_type=\"widget\" data-e-type=\"widget\" data-widget_type=\"text-editor.default\">\n\t\t\t\t<div class=\"elementor-widget-container\">\n\t\t\t\t\t\t\t\t\t<h3><strong>La revoluci\u00f3n sideral: una nueva reputaci\u00f3n<\/strong><\/h3>\t\t\t\t\t\t\t\t<\/div>\n\t\t\t\t<\/div>\n\t\t\t\t\t<\/div>\n\t\t\t\t<\/div>\n\t\t<div class=\"elementor-element elementor-element-5ed4412 e-grid e-con-boxed e-con e-parent\" data-id=\"5ed4412\" data-element_type=\"container\" data-e-type=\"container\">\n\t\t\t\t\t<div class=\"e-con-inner\">\n\t\t\t\t<div class=\"elementor-element elementor-element-ef75b03 elementor-widget elementor-widget-text-editor\" data-id=\"ef75b03\" data-element_type=\"widget\" data-e-type=\"widget\" data-widget_type=\"text-editor.default\">\n\t\t\t\t<div class=\"elementor-widget-container\">\n\t\t\t\t\t\t\t\t\t<p>En la revoluci\u00f3n solar sideral de ese a\u00f1o, el <strong>Ascendente cae en la Casa 10 natal<\/strong>, activando de forma clara el tema de la <strong>imagen p\u00fablica y la reputaci\u00f3n<\/strong>. El Sol se ubica en la <strong>Casa 3<\/strong>, junto a <strong>Marte<\/strong> (regente de las casas 4 y 9), <strong>J\u00fapiter<\/strong> (regente de la 5) y <strong>la Luna<\/strong> (regente de la 12). Es decir: comunicaci\u00f3n, esc\u00e1ndalo \u00edntimo, exposici\u00f3n p\u00fablica, globalizaci\u00f3n del relato, y vulnerabilidad. Lo \u00edntimo se convierte en relato. Lo vulnerable en narrativa medi\u00e1tica.<\/p>\t\t\t\t\t\t\t\t<\/div>\n\t\t\t\t<\/div>\n\t\t\t\t<div class=\"elementor-element elementor-element-4121f4b elementor-widget elementor-widget-image\" data-id=\"4121f4b\" data-element_type=\"widget\" data-e-type=\"widget\" data-widget_type=\"image.default\">\n\t\t\t\t<div class=\"elementor-widget-container\">\n\t\t\t\t\t\t\t\t\t\t\t\t\t\t\t<img alt=\"\" decoding=\"async\" width=\"735\" height=\"721\" data-src=\"https:\/\/doblecielo.es\/wp-content\/uploads\/2025\/06\/revolucion_sideral.png\" class=\"attachment-large size-large wp-image-2822 lazyload\" data-srcset=\"https:\/\/doblecielo.es\/wp-content\/uploads\/2025\/06\/revolucion_sideral.png 735w, https:\/\/doblecielo.es\/wp-content\/uploads\/2025\/06\/revolucion_sideral-300x294.png 300w, https:\/\/doblecielo.es\/wp-content\/uploads\/2025\/06\/revolucion_sideral-12x12.png 12w, https:\/\/doblecielo.es\/wp-content\/uploads\/2025\/06\/revolucion_sideral-600x589.png 600w\" data-sizes=\"(max-width: 735px) 100vw, 735px\" src=\"data:image\/svg+xml;base64,PHN2ZyB3aWR0aD0iMSIgaGVpZ2h0PSIxIiB4bWxucz0iaHR0cDovL3d3dy53My5vcmcvMjAwMC9zdmciPjwvc3ZnPg==\" style=\"--smush-placeholder-width: 735px; --smush-placeholder-aspect-ratio: 735\/721;\" \/>\t\t\t\t\t\t\t\t\t\t\t\t\t\t\t<\/div>\n\t\t\t\t<\/div>\n\t\t\t\t\t<\/div>\n\t\t\t\t<\/div>\n\t\t<div class=\"elementor-element elementor-element-c36d871 e-flex e-con-boxed e-con e-parent\" data-id=\"c36d871\" data-element_type=\"container\" data-e-type=\"container\">\n\t\t\t\t\t<div class=\"e-con-inner\">\n\t\t\t\t<div class=\"elementor-element elementor-element-6c7e0bd elementor-widget elementor-widget-text-editor\" data-id=\"6c7e0bd\" data-element_type=\"widget\" data-e-type=\"widget\" data-widget_type=\"text-editor.default\">\n\t\t\t\t<div class=\"elementor-widget-container\">\n\t\t\t\t\t\t\t\t\t<h3><strong>M\u00e1s que hermanas: la Casa 3 como escenario medi\u00e1tico<\/strong><\/h3><p>Y aqu\u00ed vale la pena detenerse. Cuando hablamos de la Casa 3, es com\u00fan asociarla simplemente con hermanos \u2014y s\u00ed, en el caso de Kim, el apellido Kardashian remite autom\u00e1ticamente a sus hermanas\u2014, pero <strong>la activaci\u00f3n de esta casa en 2007 va mucho m\u00e1s all\u00e1 del v\u00ednculo familiar<\/strong>.<\/p><p>La Casa 3 rige <strong>la comunicaci\u00f3n, las grabaciones, los contratos, los acuerdos, y todo aquello que circula en el entorno cercano o medi\u00e1tico<\/strong>. En 2007, Kim no solo fue protagonista de un video sexual filtrado \u2014una grabaci\u00f3n \u00edntima que se volvi\u00f3 p\u00fablica\u2014, sino que tambi\u00e9n <strong>estaba negociando el reality show que cambiar\u00eda su vida y la de sus hermanas<\/strong>.<\/p><p>Desde una lectura helen\u00edstica, la Casa 3 es donde se organiza el relato, donde se define qu\u00e9 se cuenta y c\u00f3mo. Y en su carta, tanto el sistema tropical como el sideral se\u00f1alaron esa casa como el foco del a\u00f1o. La narrativa de Kim Kardashian \u2014su historia, su voz, su versi\u00f3n\u2014 comenzaba a construirse.<\/p><h3><strong>Conclusi\u00f3n: la ca\u00edda que fue ascenso<\/strong><\/h3><p>Lo que para muchos fue una ca\u00edda, en su carta ya era un punto de inflexi\u00f3n. Saturno ense\u00f1ando desde el dolor, Marte encendiendo la pol\u00e9mica, J\u00fapiter expandiendo lo visible. El esc\u00e1ndalo fue real\u2026 pero tambi\u00e9n fue destino.<\/p><p><strong>Ocho meses despu\u00e9s de aquel esc\u00e1ndalo, en octubre de 2007, el apellido Kardashian se convertir\u00eda en un imperio audiovisual con el estreno de su reality. Para Kim, ese mismo mes marcaba el inicio de una nueva profecci\u00f3n anual: la Casa 4 de la familia se activaba.<\/strong><\/p><p><strong>Pero esa\u2026 ya es otra historia.<\/strong><\/p>\t\t\t\t\t\t\t\t<\/div>\n\t\t\t\t<\/div>\n\t\t\t\t\t<\/div>\n\t\t\t\t<\/div>\n\t\t\t\t<\/div>","protected":false},"excerpt":{"rendered":"<p>El esc\u00e1ndalo que lo cambi\u00f3 todo: Kim Kardashian, el video filtrado y lo que revelaba su carta astral En febrero de 2007, el nombre de Kim Kardashian comenz\u00f3 a circular [&hellip;]<\/p>","protected":false},"author":1,"featured_media":0,"parent":342,"menu_order":0,"comment_status":"closed","ping_status":"closed","template":"","meta":{"_seopress_robots_primary_cat":"","_seopress_titles_title":"","_seopress_titles_desc":"","_seopress_robots_index":"","site-sidebar-layout":"no-sidebar","site-content-layout":"page-builder","ast-site-content-layout":"full-width-container","site-content-style":"default","site-sidebar-style":"default","ast-global-header-display":"","ast-banner-title-visibility":"","ast-main-header-display":"","ast-hfb-above-header-display":"","ast-hfb-below-header-display":"","ast-hfb-mobile-header-display":"","site-post-title":"disabled","ast-breadcrumbs-content":"","ast-featured-img":"disabled","footer-sml-layout":"","ast-disable-related-posts":"","theme-transparent-header-meta":"","adv-header-id-meta":"","stick-header-meta":"","header-above-stick-meta":"","header-main-stick-meta":"","header-below-stick-meta":"","astra-migrate-meta-layouts":"set","ast-page-background-enabled":"default","ast-page-background-meta":{"desktop":{"background-color":"","background-image":"","background-repeat":"repeat","background-position":"center center","background-size":"auto","background-attachment":"scroll","background-type":"","background-media":"","overlay-type":"","overlay-color":"","overlay-opacity":"","overlay-gradient":""},"tablet":{"background-color":"","background-image":"","background-repeat":"repeat","background-position":"center center","background-size":"auto","background-attachment":"scroll","background-type":"","background-media":"","overlay-type":"","overlay-color":"","overlay-opacity":"","overlay-gradient":""},"mobile":{"background-color":"","background-image":"","background-repeat":"repeat","background-position":"center center","background-size":"auto","background-attachment":"scroll","background-type":"","background-media":"","overlay-type":"","overlay-color":"","overlay-opacity":"","overlay-gradient":""}},"ast-content-background-meta":{"desktop":{"background-color":"var(--ast-global-color-5)","background-image":"","background-repeat":"repeat","background-position":"center center","background-size":"auto","background-attachment":"scroll","background-type":"","background-media":"","overlay-type":"","overlay-color":"","overlay-opacity":"","overlay-gradient":""},"tablet":{"background-color":"var(--ast-global-color-5)","background-image":"","background-repeat":"repeat","background-position":"center center","background-size":"auto","background-attachment":"scroll","background-type":"","background-media":"","overlay-type":"","overlay-color":"","overlay-opacity":"","overlay-gradient":""},"mobile":{"background-color":"var(--ast-global-color-5)","background-image":"","background-repeat":"repeat","background-position":"center center","background-size":"auto","background-attachment":"scroll","background-type":"","background-media":"","overlay-type":"","overlay-color":"","overlay-opacity":"","overlay-gradient":""}},"footnotes":""},"class_list":["post-2816","page","type-page","status-publish","hentry"],"_links":{"self":[{"href":"https:\/\/doblecielo.es\/en\/wp-json\/wp\/v2\/pages\/2816","targetHints":{"allow":["GET"]}}],"collection":[{"href":"https:\/\/doblecielo.es\/en\/wp-json\/wp\/v2\/pages"}],"about":[{"href":"https:\/\/doblecielo.es\/en\/wp-json\/wp\/v2\/types\/page"}],"author":[{"embeddable":true,"href":"https:\/\/doblecielo.es\/en\/wp-json\/wp\/v2\/users\/1"}],"replies":[{"embeddable":true,"href":"https:\/\/doblecielo.es\/en\/wp-json\/wp\/v2\/comments?post=2816"}],"version-history":[{"count":4,"href":"https:\/\/doblecielo.es\/en\/wp-json\/wp\/v2\/pages\/2816\/revisions"}],"predecessor-version":[{"id":2825,"href":"https:\/\/doblecielo.es\/en\/wp-json\/wp\/v2\/pages\/2816\/revisions\/2825"}],"up":[{"embeddable":true,"href":"https:\/\/doblecielo.es\/en\/wp-json\/wp\/v2\/pages\/342"}],"wp:attachment":[{"href":"https:\/\/doblecielo.es\/en\/wp-json\/wp\/v2\/media?parent=2816"}],"curies":[{"name":"wp","href":"https:\/\/api.w.org\/{rel}","templated":true}]}}