{"id":2512,"date":"2025-05-18T19:50:29","date_gmt":"2025-05-18T17:50:29","guid":{"rendered":"https:\/\/doblecielo.es\/?page_id=2512"},"modified":"2025-06-01T20:28:19","modified_gmt":"2025-06-01T18:28:19","slug":"astrologia_luna","status":"publish","type":"page","link":"https:\/\/doblecielo.es\/en\/michael_exito-2-2\/astrologia_luna\/","title":{"rendered":"La Luna en la astrolog\u00eda helen\u00edstica"},"content":{"rendered":"<div data-elementor-type=\"wp-page\" data-elementor-id=\"2512\" class=\"elementor elementor-2512\">\n\t\t\t\t<div class=\"elementor-element elementor-element-d2be25f e-flex e-con-boxed e-con e-parent\" data-id=\"d2be25f\" data-element_type=\"container\" data-e-type=\"container\">\n\t\t\t\t\t<div class=\"e-con-inner\">\n\t\t\t\t<div class=\"elementor-element elementor-element-9f5fc56 elementor-widget elementor-widget-heading\" data-id=\"9f5fc56\" data-element_type=\"widget\" data-e-type=\"widget\" data-widget_type=\"heading.default\">\n\t\t\t\t<div class=\"elementor-widget-container\">\n\t\t\t\t\t<h2 class=\"elementor-heading-title elementor-size-default\"><p><b>La Luna en la astrolog\u00eda helen\u00edstica<\/b><span style=\"font-style: inherit\"><\/span><\/p><\/h2>\t\t\t\t<\/div>\n\t\t\t\t<\/div>\n\t\t\t\t\t<\/div>\n\t\t\t\t<\/div>\n\t\t<div class=\"elementor-element elementor-element-4cbad2d e-flex e-con-boxed e-con e-parent\" data-id=\"4cbad2d\" data-element_type=\"container\" data-e-type=\"container\">\n\t\t\t\t\t<div class=\"e-con-inner\">\n\t\t\t\t<div class=\"elementor-element elementor-element-4fd96ed elementor-widget elementor-widget-video\" data-id=\"4fd96ed\" data-element_type=\"widget\" data-e-type=\"widget\" data-settings=\"{&quot;youtube_url&quot;:&quot;https:\\\/\\\/youtu.be\\\/osPRycxn8gA&quot;,&quot;video_type&quot;:&quot;youtube&quot;,&quot;controls&quot;:&quot;yes&quot;}\" data-widget_type=\"video.default\">\n\t\t\t\t<div class=\"elementor-widget-container\">\n\t\t\t\t\t\t\t<div class=\"elementor-wrapper elementor-open-inline\">\n\t\t\t<div class=\"elementor-video\"><\/div>\t\t<\/div>\n\t\t\t\t\t\t<\/div>\n\t\t\t\t<\/div>\n\t\t\t\t\t<\/div>\n\t\t\t\t<\/div>\n\t\t<div class=\"elementor-element elementor-element-79d8240 e-grid e-con-boxed e-con e-parent\" data-id=\"79d8240\" data-element_type=\"container\" data-e-type=\"container\">\n\t\t\t\t\t<div class=\"e-con-inner\">\n\t\t\t\t<div class=\"elementor-element elementor-element-c11ea8a elementor-widget elementor-widget-image\" data-id=\"c11ea8a\" data-element_type=\"widget\" data-e-type=\"widget\" data-widget_type=\"image.default\">\n\t\t\t\t<div class=\"elementor-widget-container\">\n\t\t\t\t\t\t\t\t\t\t\t\t\t\t\t<img alt=\"\" fetchpriority=\"high\" decoding=\"async\" width=\"768\" height=\"1152\" src=\"https:\/\/doblecielo.es\/wp-content\/uploads\/2025\/05\/Diseno-sin-titulo-29-768x1152.png\" class=\"attachment-medium_large size-medium_large wp-image-2519\" srcset=\"https:\/\/doblecielo.es\/wp-content\/uploads\/2025\/05\/Diseno-sin-titulo-29-768x1152.png 768w, https:\/\/doblecielo.es\/wp-content\/uploads\/2025\/05\/Diseno-sin-titulo-29-200x300.png 200w, https:\/\/doblecielo.es\/wp-content\/uploads\/2025\/05\/Diseno-sin-titulo-29-683x1024.png 683w, https:\/\/doblecielo.es\/wp-content\/uploads\/2025\/05\/Diseno-sin-titulo-29-8x12.png 8w, https:\/\/doblecielo.es\/wp-content\/uploads\/2025\/05\/Diseno-sin-titulo-29-600x900.png 600w, https:\/\/doblecielo.es\/wp-content\/uploads\/2025\/05\/Diseno-sin-titulo-29.png 800w\" sizes=\"(max-width: 768px) 100vw, 768px\" \/>\t\t\t\t\t\t\t\t\t\t\t\t\t\t\t<\/div>\n\t\t\t\t<\/div>\n\t\t\t\t<div class=\"elementor-element elementor-element-8d2a387 elementor-widget elementor-widget-text-editor\" data-id=\"8d2a387\" data-element_type=\"widget\" data-e-type=\"widget\" data-widget_type=\"text-editor.default\">\n\t\t\t\t<div class=\"elementor-widget-container\">\n\t\t\t\t\t\t\t\t\t<p>En el mundo helen\u00edstico la Luna no era solo un astro: \u00a1era una diosa! Se dec\u00eda que Selene, hija de Titanes, cabalgaba cada noche sobre su carro de plata. La mitolog\u00eda lunar form\u00f3 una triada simb\u00f3lica: <strong>Artemisa<\/strong> (con la luna creciente, la jovialidad y la caza), <strong>Selene<\/strong> misma (luna llena, la maternidad y la fecundidad) y <strong>H\u00e9cate<\/strong> (luna menguante, la sabidur\u00eda oculta y la vejez). Estas tres facetas dibujaban el ciclo del nacimiento, la plenitud y el declive. En las noches antiguas se ve\u00eda en la Luna la encarnaci\u00f3n de la eternidad femenina y los ritmos de la vida misma.<\/p><p>La astrolog\u00eda helen\u00edstica recogi\u00f3 este mito para su lenguaje. Los astr\u00f3logos de Alejandr\u00eda miraban la Luna (Selene) como una luminaria nocturna ligada a la tierra y al cuerpo humano. Seg\u00fan Vettius Valens, <strong>\u201cla Luna, iluminada por el reflejo del Sol\u201d<\/strong>, es se\u00f1al de:<\/p>\t\t\t\t\t\t\t\t<\/div>\n\t\t\t\t<\/div>\n\t\t\t\t\t<\/div>\n\t\t\t\t<\/div>\n\t\t<div class=\"elementor-element elementor-element-afbf6ed e-flex e-con-boxed e-con e-parent\" data-id=\"afbf6ed\" data-element_type=\"container\" data-e-type=\"container\">\n\t\t\t\t\t<div class=\"e-con-inner\">\n\t\t\t\t<div class=\"elementor-element elementor-element-59f5dcf elementor-widget elementor-widget-text-editor\" data-id=\"59f5dcf\" data-element_type=\"widget\" data-e-type=\"widget\" data-widget_type=\"text-editor.default\">\n\t\t\t\t<div class=\"elementor-widget-container\">\n\t\t\t\t\t\t\t\t\t<ul><li>Vida del nativo<\/li><li>Cuerpo f\u00edsico<\/li><li>Ojo izquierdo, est\u00f3mago, senos, bazo, m\u00e9dula<\/li><li>Materiales: plata, vidrio<\/li><li>Madre<\/li><li>Concepci\u00f3n<\/li><li>Hogar, familia<\/li><li>Posesiones<\/li><li>Fortuna<\/li><li>Hermana mayor<\/li><li>Reuni\u00f3n de masas, ciudadanos<\/li><li>Barcos<\/li><li>Viajes<\/li><li>Vagabundeos<\/li><\/ul><p>La Luna representa el registro emocional y familiar del nativo, sus ra\u00edces afectivas. Asociada con C\u00e1ncer (la Casa de la Madre), su naturaleza nocturna y acuosa la hace fluctuante y receptiva, espejo de nuestros ritmos internos.<\/p><p>En la astrolog\u00eda helen\u00edstica la Luna representa los primeros a\u00f1os de vida. <strong>Destaca la nutrici\u00f3n temprana:<\/strong> el ambiente emocional recibido al nacer. <strong>Tambi\u00e9n preside las emociones<\/strong>: anida la melancol\u00eda, el anhelo, la memoria infantil. <strong>Marca los ciclos naturales<\/strong>: como escribi\u00f3 Liz Greene, la tr\u00edada lunar mitol\u00f3gica gobernaba el ciclo anual de vegetaci\u00f3n y el ciclo humano de nacimiento y muerte; bajo su luz todo crece, florece y declina, con un ritmo instintivo e intuitivo.<\/p><p>En lo psicol\u00f3gico, la Luna en la carta natal revela c\u00f3mo sentimos y atendemos nuestras necesidades m\u00e1s \u00edntimas. Un nativo lunar fuerte suele ser sensible, acogedor y arraigado a las ra\u00edces; uno con Luna d\u00e9bil puede sentirse hu\u00e9rfano emocional o desorientado. Greene incluso describe su influencia como \u201cf\u00e1cilmente melanc\u00f3lica\u201d.<\/p><p>Bajo la atemporal Luna, descubrimos que somos herederos de aquellos sabios helen\u00edsticos y de todas las mujeres diosas (Selene, Artemisa, H\u00e9cate) que nos ense\u00f1an a mirar el mundo a trav\u00e9s de los ojos nocturnos del sentimiento.<\/p>\t\t\t\t\t\t\t\t<\/div>\n\t\t\t\t<\/div>\n\t\t\t\t\t<\/div>\n\t\t\t\t<\/div>\n\t\t<div class=\"elementor-element elementor-element-35597b0 e-flex e-con-boxed e-con e-parent\" data-id=\"35597b0\" data-element_type=\"container\" data-e-type=\"container\">\n\t\t\t\t\t<div class=\"e-con-inner\">\n\t\t\t\t<div class=\"elementor-element elementor-element-797993e elementor-widget elementor-widget-text-editor\" data-id=\"797993e\" data-element_type=\"widget\" data-e-type=\"widget\" data-widget_type=\"text-editor.default\">\n\t\t\t\t<div class=\"elementor-widget-container\">\n\t\t\t\t\t\t\t\t\t<p><strong>Hijos de Selene: cuando la Luna nos toca<\/strong><\/p><p>No todo mito es ficci\u00f3n. La Luna deja huella en aquellos a quienes les gobierna su carta astral.<\/p><p>En astrolog\u00eda (y aqu\u00ed lo aclaro: <strong>desde el sistema tropical<\/strong>), hay personas cuya Luna est\u00e1 especialmente <strong>en el Ascendente<\/strong>, o en casas angulares (I, IV, VII, X), o son del signo C\u00e1ncer ascendente \u2014 lo que les da una <strong>luna dominante<\/strong>, reflejo de una emocionalidad visible, sensible, profunda o protectora. Tambi\u00e9n se puede dar el caso del regente del ascendente en el signo de C\u00e1ncer.<\/p><p>Algunos ejemplos notables:<\/p><ul><li><strong>Lady Diana (Luna en Acuario en casa VII)<\/strong>: amada y tr\u00e1gica, icono de empat\u00eda y desarraigo, protectora de los marginados.<\/li><li><strong>Barack Obama (Luna en G\u00e9minis en casa IV)<\/strong>: ret\u00f3rico y familiar, gran importancia de sus ra\u00edces maternas.<\/li><li><strong>Frida Kahlo (Luna en Tauro en casa X)<\/strong>: maternidad simb\u00f3lica, cuerpo como templo del dolor y la belleza.<\/li><li><strong>Marilyn Monroe (Ascendente C\u00e1ncer y Luna en Acuario)<\/strong>: fragilidad emocional detr\u00e1s del icono, madre ausente, necesidad infinita de amor.<\/li><\/ul><p>Estos personajes encarnan el arquetipo lunar: cuidado, dolor, arte, memoria, maternidad, nostalgia, necesidad.<br \/>Cada uno de ellos, a su modo, fue <strong>portador de Selene<\/strong>, <strong>hijo de Artemisa<\/strong> o <strong>espejo de H\u00e9cate<\/strong>.<\/p><p>Bajo su reflejo, descubrimos que somos herederos de aquellos sabios helen\u00edsticos y de todas las mujeres diosas (Selene, Artemisa, H\u00e9cate) que nos ense\u00f1an a mirar el mundo a trav\u00e9s de los ojos nocturnos del sentimiento.<\/p><p>\u00bfY ahora qu\u00e9?<\/p><p>En la segunda parte exploraremos el significado de la Luna seg\u00fan su signo zodiacal, desde la mirada ancestral helen\u00edstica, con ejemplos concretos que le pondr\u00e1n rostro, cuerpo y alma a cada Luna.<br \/>Veremos tambi\u00e9n c\u00f3mo cambia de significado seg\u00fan su fase (creciente, llena o menguante): matices que los antiguos consideraban esenciales.<br \/>Porque no es lo mismo una Luna creciente en Escorpio, desafiante y sigilosa, que una Luna llena en Leo, brillante y en lo alto del cielo.<\/p><p>\u00bfQuieres saber c\u00f3mo ama una Luna en Aries, qu\u00e9 refugio busca una Luna en Tauro o qu\u00e9 sue\u00f1a una Luna en Piscis?<br \/><strong>Nos vemos en la Parte 2.<\/strong><\/p>\t\t\t\t\t\t\t\t<\/div>\n\t\t\t\t<\/div>\n\t\t\t\t\t<\/div>\n\t\t\t\t<\/div>\n\t\t<div class=\"elementor-element elementor-element-2ac1192 e-grid e-con-boxed e-con e-parent\" data-id=\"2ac1192\" data-element_type=\"container\" data-e-type=\"container\">\n\t\t\t\t\t<div class=\"e-con-inner\">\n\t\t\t\t<div class=\"elementor-element elementor-element-e7767dd elementor-widget elementor-widget-image\" data-id=\"e7767dd\" data-element_type=\"widget\" data-e-type=\"widget\" data-widget_type=\"image.default\">\n\t\t\t\t<div class=\"elementor-widget-container\">\n\t\t\t\t\t\t\t\t\t\t\t\t\t\t\t<img alt=\"\" decoding=\"async\" width=\"1024\" height=\"1024\" data-src=\"https:\/\/doblecielo.es\/wp-content\/uploads\/2025\/05\/Sin-titulo-1024-x-1024-px-1.png\" class=\"attachment-large size-large wp-image-2525 lazyload\" data-srcset=\"https:\/\/doblecielo.es\/wp-content\/uploads\/2025\/05\/Sin-titulo-1024-x-1024-px-1.png 1024w, https:\/\/doblecielo.es\/wp-content\/uploads\/2025\/05\/Sin-titulo-1024-x-1024-px-1-300x300.png 300w, https:\/\/doblecielo.es\/wp-content\/uploads\/2025\/05\/Sin-titulo-1024-x-1024-px-1-150x150.png 150w, https:\/\/doblecielo.es\/wp-content\/uploads\/2025\/05\/Sin-titulo-1024-x-1024-px-1-768x768.png 768w, https:\/\/doblecielo.es\/wp-content\/uploads\/2025\/05\/Sin-titulo-1024-x-1024-px-1-12x12.png 12w, https:\/\/doblecielo.es\/wp-content\/uploads\/2025\/05\/Sin-titulo-1024-x-1024-px-1-600x600.png 600w, https:\/\/doblecielo.es\/wp-content\/uploads\/2025\/05\/Sin-titulo-1024-x-1024-px-1-100x100.png 100w\" data-sizes=\"(max-width: 1024px) 100vw, 1024px\" src=\"data:image\/svg+xml;base64,PHN2ZyB3aWR0aD0iMSIgaGVpZ2h0PSIxIiB4bWxucz0iaHR0cDovL3d3dy53My5vcmcvMjAwMC9zdmciPjwvc3ZnPg==\" style=\"--smush-placeholder-width: 1024px; --smush-placeholder-aspect-ratio: 1024\/1024;\" \/>\t\t\t\t\t\t\t\t\t\t\t\t\t\t\t<\/div>\n\t\t\t\t<\/div>\n\t\t\t\t<div class=\"elementor-element elementor-element-a8e6e32 elementor-widget elementor-widget-image\" data-id=\"a8e6e32\" data-element_type=\"widget\" data-e-type=\"widget\" data-widget_type=\"image.default\">\n\t\t\t\t<div class=\"elementor-widget-container\">\n\t\t\t\t\t\t\t\t\t\t\t\t\t\t\t<img alt=\"\" decoding=\"async\" width=\"1024\" height=\"1024\" data-src=\"https:\/\/doblecielo.es\/wp-content\/uploads\/2025\/05\/Sin-titulo-1024-x-1024-px.png\" class=\"attachment-large size-large wp-image-2523 lazyload\" data-srcset=\"https:\/\/doblecielo.es\/wp-content\/uploads\/2025\/05\/Sin-titulo-1024-x-1024-px.png 1024w, https:\/\/doblecielo.es\/wp-content\/uploads\/2025\/05\/Sin-titulo-1024-x-1024-px-300x300.png 300w, https:\/\/doblecielo.es\/wp-content\/uploads\/2025\/05\/Sin-titulo-1024-x-1024-px-150x150.png 150w, https:\/\/doblecielo.es\/wp-content\/uploads\/2025\/05\/Sin-titulo-1024-x-1024-px-768x768.png 768w, https:\/\/doblecielo.es\/wp-content\/uploads\/2025\/05\/Sin-titulo-1024-x-1024-px-12x12.png 12w, https:\/\/doblecielo.es\/wp-content\/uploads\/2025\/05\/Sin-titulo-1024-x-1024-px-600x600.png 600w, https:\/\/doblecielo.es\/wp-content\/uploads\/2025\/05\/Sin-titulo-1024-x-1024-px-100x100.png 100w\" data-sizes=\"(max-width: 1024px) 100vw, 1024px\" src=\"data:image\/svg+xml;base64,PHN2ZyB3aWR0aD0iMSIgaGVpZ2h0PSIxIiB4bWxucz0iaHR0cDovL3d3dy53My5vcmcvMjAwMC9zdmciPjwvc3ZnPg==\" style=\"--smush-placeholder-width: 1024px; --smush-placeholder-aspect-ratio: 1024\/1024;\" \/>\t\t\t\t\t\t\t\t\t\t\t\t\t\t\t<\/div>\n\t\t\t\t<\/div>\n\t\t\t\t<div class=\"elementor-element elementor-element-390c1ba elementor-widget elementor-widget-image\" data-id=\"390c1ba\" data-element_type=\"widget\" data-e-type=\"widget\" data-widget_type=\"image.default\">\n\t\t\t\t<div class=\"elementor-widget-container\">\n\t\t\t\t\t\t\t\t\t\t\t\t\t\t\t<img alt=\"\" decoding=\"async\" width=\"1024\" height=\"1024\" data-src=\"https:\/\/doblecielo.es\/wp-content\/uploads\/2025\/05\/Sin-titulo-1024-x-1024-px-2.png\" class=\"attachment-large size-large wp-image-2524 lazyload\" data-srcset=\"https:\/\/doblecielo.es\/wp-content\/uploads\/2025\/05\/Sin-titulo-1024-x-1024-px-2.png 1024w, https:\/\/doblecielo.es\/wp-content\/uploads\/2025\/05\/Sin-titulo-1024-x-1024-px-2-300x300.png 300w, https:\/\/doblecielo.es\/wp-content\/uploads\/2025\/05\/Sin-titulo-1024-x-1024-px-2-150x150.png 150w, https:\/\/doblecielo.es\/wp-content\/uploads\/2025\/05\/Sin-titulo-1024-x-1024-px-2-768x768.png 768w, https:\/\/doblecielo.es\/wp-content\/uploads\/2025\/05\/Sin-titulo-1024-x-1024-px-2-12x12.png 12w, https:\/\/doblecielo.es\/wp-content\/uploads\/2025\/05\/Sin-titulo-1024-x-1024-px-2-600x600.png 600w, https:\/\/doblecielo.es\/wp-content\/uploads\/2025\/05\/Sin-titulo-1024-x-1024-px-2-100x100.png 100w\" data-sizes=\"(max-width: 1024px) 100vw, 1024px\" src=\"data:image\/svg+xml;base64,PHN2ZyB3aWR0aD0iMSIgaGVpZ2h0PSIxIiB4bWxucz0iaHR0cDovL3d3dy53My5vcmcvMjAwMC9zdmciPjwvc3ZnPg==\" style=\"--smush-placeholder-width: 1024px; --smush-placeholder-aspect-ratio: 1024\/1024;\" \/>\t\t\t\t\t\t\t\t\t\t\t\t\t\t\t<\/div>\n\t\t\t\t<\/div>\n\t\t\t\t\t<\/div>\n\t\t\t\t<\/div>\n\t\t\t\t<\/div>","protected":false},"excerpt":{"rendered":"<p>La Luna en la astrolog\u00eda helen\u00edstica En el mundo helen\u00edstico la Luna no era solo un astro: \u00a1era una diosa! Se dec\u00eda que Selene, hija de Titanes, cabalgaba cada noche [&hellip;]<\/p>","protected":false},"author":1,"featured_media":0,"parent":1532,"menu_order":0,"comment_status":"closed","ping_status":"closed","template":"","meta":{"_seopress_robots_primary_cat":"","_seopress_titles_title":"","_seopress_titles_desc":"","_seopress_robots_index":"","site-sidebar-layout":"no-sidebar","site-content-layout":"page-builder","ast-site-content-layout":"full-width-container","site-content-style":"default","site-sidebar-style":"default","ast-global-header-display":"","ast-banner-title-visibility":"","ast-main-header-display":"","ast-hfb-above-header-display":"","ast-hfb-below-header-display":"","ast-hfb-mobile-header-display":"","site-post-title":"disabled","ast-breadcrumbs-content":"","ast-featured-img":"disabled","footer-sml-layout":"","ast-disable-related-posts":"","theme-transparent-header-meta":"","adv-header-id-meta":"","stick-header-meta":"","header-above-stick-meta":"","header-main-stick-meta":"","header-below-stick-meta":"","astra-migrate-meta-layouts":"set","ast-page-background-enabled":"default","ast-page-background-meta":{"desktop":{"background-color":"","background-image":"","background-repeat":"repeat","background-position":"center center","background-size":"auto","background-attachment":"scroll","background-type":"","background-media":"","overlay-type":"","overlay-color":"","overlay-opacity":"","overlay-gradient":""},"tablet":{"background-color":"","background-image":"","background-repeat":"repeat","background-position":"center center","background-size":"auto","background-attachment":"scroll","background-type":"","background-media":"","overlay-type":"","overlay-color":"","overlay-opacity":"","overlay-gradient":""},"mobile":{"background-color":"","background-image":"","background-repeat":"repeat","background-position":"center center","background-size":"auto","background-attachment":"scroll","background-type":"","background-media":"","overlay-type":"","overlay-color":"","overlay-opacity":"","overlay-gradient":""}},"ast-content-background-meta":{"desktop":{"background-color":"var(--ast-global-color-5)","background-image":"","background-repeat":"repeat","background-position":"center center","background-size":"auto","background-attachment":"scroll","background-type":"","background-media":"","overlay-type":"","overlay-color":"","overlay-opacity":"","overlay-gradient":""},"tablet":{"background-color":"var(--ast-global-color-5)","background-image":"","background-repeat":"repeat","background-position":"center center","background-size":"auto","background-attachment":"scroll","background-type":"","background-media":"","overlay-type":"","overlay-color":"","overlay-opacity":"","overlay-gradient":""},"mobile":{"background-color":"var(--ast-global-color-5)","background-image":"","background-repeat":"repeat","background-position":"center center","background-size":"auto","background-attachment":"scroll","background-type":"","background-media":"","overlay-type":"","overlay-color":"","overlay-opacity":"","overlay-gradient":""}},"footnotes":""},"class_list":["post-2512","page","type-page","status-publish","hentry"],"_links":{"self":[{"href":"https:\/\/doblecielo.es\/en\/wp-json\/wp\/v2\/pages\/2512","targetHints":{"allow":["GET"]}}],"collection":[{"href":"https:\/\/doblecielo.es\/en\/wp-json\/wp\/v2\/pages"}],"about":[{"href":"https:\/\/doblecielo.es\/en\/wp-json\/wp\/v2\/types\/page"}],"author":[{"embeddable":true,"href":"https:\/\/doblecielo.es\/en\/wp-json\/wp\/v2\/users\/1"}],"replies":[{"embeddable":true,"href":"https:\/\/doblecielo.es\/en\/wp-json\/wp\/v2\/comments?post=2512"}],"version-history":[{"count":26,"href":"https:\/\/doblecielo.es\/en\/wp-json\/wp\/v2\/pages\/2512\/revisions"}],"predecessor-version":[{"id":2666,"href":"https:\/\/doblecielo.es\/en\/wp-json\/wp\/v2\/pages\/2512\/revisions\/2666"}],"up":[{"embeddable":true,"href":"https:\/\/doblecielo.es\/en\/wp-json\/wp\/v2\/pages\/1532"}],"wp:attachment":[{"href":"https:\/\/doblecielo.es\/en\/wp-json\/wp\/v2\/media?parent=2512"}],"curies":[{"name":"wp","href":"https:\/\/api.w.org\/{rel}","templated":true}]}}