{"id":2152,"date":"2025-05-05T23:47:24","date_gmt":"2025-05-05T21:47:24","guid":{"rendered":"https:\/\/doblecielo.es\/?page_id=2152"},"modified":"2025-05-05T23:50:47","modified_gmt":"2025-05-05T21:50:47","slug":"politica_cookies","status":"publish","type":"page","link":"https:\/\/doblecielo.es\/en\/politica_cookies\/","title":{"rendered":"Pol\u00edtica de cookies"},"content":{"rendered":"<div data-elementor-type=\"wp-page\" data-elementor-id=\"2152\" class=\"elementor elementor-2152\">\n\t\t\t\t<div class=\"elementor-element elementor-element-889d866 e-flex e-con-boxed e-con e-parent\" data-id=\"889d866\" data-element_type=\"container\" data-e-type=\"container\">\n\t\t\t\t\t<div class=\"e-con-inner\">\n\t\t\t\t<div class=\"elementor-element elementor-element-b129594 elementor-widget elementor-widget-heading\" data-id=\"b129594\" data-element_type=\"widget\" data-e-type=\"widget\" data-widget_type=\"heading.default\">\n\t\t\t\t<div class=\"elementor-widget-container\">\n\t\t\t\t\t<h2 class=\"elementor-heading-title elementor-size-default\">Pol\u00edtica de cookies<\/h2>\t\t\t\t<\/div>\n\t\t\t\t<\/div>\n\t\t\t\t\t<\/div>\n\t\t\t\t<\/div>\n\t\t<div class=\"elementor-element elementor-element-09f2454 e-flex e-con-boxed e-con e-parent\" data-id=\"09f2454\" data-element_type=\"container\" data-e-type=\"container\">\n\t\t\t\t\t<div class=\"e-con-inner\">\n\t\t\t\t<div class=\"elementor-element elementor-element-8bf2d56 elementor-widget elementor-widget-text-editor\" data-id=\"8bf2d56\" data-element_type=\"widget\" data-e-type=\"widget\" data-widget_type=\"text-editor.default\">\n\t\t\t\t<div class=\"elementor-widget-container\">\n\t\t\t\t\t\t\t\t\t<p class=\"\" data-start=\"1685\" data-end=\"1927\"><strong data-start=\"1685\" data-end=\"1710\">\u00bfQu\u00e9 son las cookies?<\/strong><br data-start=\"1710\" data-end=\"1713\" \/>Una cookie es un peque\u00f1o archivo de texto que se almacena en tu navegador cuando visitas casi cualquier p\u00e1gina web. Su utilidad es que la web sea capaz de recordar tu visita cuando vuelvas a navegar por esa p\u00e1gina.<\/p><p class=\"\" data-start=\"1929\" data-end=\"1985\"><strong data-start=\"1929\" data-end=\"1983\">Tipos de cookies que utilizamos en este sitio web:<\/strong><\/p><ul data-start=\"1986\" data-end=\"2306\"><li class=\"\" data-start=\"1986\" data-end=\"2063\"><p class=\"\" data-start=\"1988\" data-end=\"2063\"><strong data-start=\"1988\" data-end=\"2009\">Cookies t\u00e9cnicas:<\/strong> Necesarias para el funcionamiento b\u00e1sico de la web.<\/p><\/li><li class=\"\" data-start=\"2064\" data-end=\"2219\"><p class=\"\" data-start=\"2066\" data-end=\"2219\"><strong data-start=\"2066\" data-end=\"2090\">Cookies de an\u00e1lisis:<\/strong> Permiten cuantificar el n\u00famero de usuarios y realizar an\u00e1lisis estad\u00edsticos del uso de la web (por ejemplo, Google Analytics).<\/p><\/li><li class=\"\" data-start=\"2220\" data-end=\"2306\"><p class=\"\" data-start=\"2222\" data-end=\"2306\"><strong data-start=\"2222\" data-end=\"2252\">Cookies de redes sociales:<\/strong> Integran contenido de redes como Instagram o YouTube.<\/p><\/li><\/ul><p class=\"\" data-start=\"2308\" data-end=\"2506\"><strong data-start=\"2308\" data-end=\"2360\">\u00bfC\u00f3mo puedes gestionar o desactivar las cookies?<\/strong><br data-start=\"2360\" data-end=\"2363\" \/>Puedes permitir, bloquear o eliminar las cookies instaladas en tu dispositivo mediante la configuraci\u00f3n de las opciones del navegador que uses:<\/p><ul data-start=\"2508\" data-end=\"2795\"><li class=\"\" data-start=\"2508\" data-end=\"2597\"><p class=\"\" data-start=\"2510\" data-end=\"2597\"><strong data-start=\"2510\" data-end=\"2528\">Google Chrome:<\/strong> <a href=\"https:\/\/support.google.com\/chrome\/answer\/95647?hl=es\" target=\"_new\" rel=\"noopener\" data-start=\"2529\" data-end=\"2595\">Enlace a soporte<\/a><\/p><\/li><li class=\"\" data-start=\"2598\" data-end=\"2720\"><p class=\"\" data-start=\"2600\" data-end=\"2720\"><strong data-start=\"2600\" data-end=\"2620\">Mozilla Firefox:<\/strong> <a class=\"\" href=\"https:\/\/support.mozilla.org\/es\/kb\/habilitar-y-deshabilitar-cookies-sitios-web\" target=\"_new\" rel=\"noopener\" data-start=\"2621\" data-end=\"2718\">Enlace a soporte<\/a><\/p><\/li><li class=\"\" data-start=\"2721\" data-end=\"2795\"><p class=\"\" data-start=\"2723\" data-end=\"2795\"><strong data-start=\"2723\" data-end=\"2734\">Safari:<\/strong> <a class=\"\" href=\"https:\/\/support.apple.com\/es-es\/HT201265\" target=\"_new\" rel=\"noopener\" data-start=\"2735\" data-end=\"2795\">Enlace a soporte<\/a><\/p><\/li><\/ul><p class=\"\" data-start=\"2797\" data-end=\"2920\"><strong data-start=\"2797\" data-end=\"2815\">Consentimiento<\/strong><br data-start=\"2815\" data-end=\"2818\" \/>Al continuar navegando en este sitio, aceptas el uso de cookies seg\u00fan lo establecido en esta pol\u00edtica.<\/p>\t\t\t\t\t\t\t\t<\/div>\n\t\t\t\t<\/div>\n\t\t\t\t\t<\/div>\n\t\t\t\t<\/div>\n\t\t\t\t<\/div>","protected":false},"excerpt":{"rendered":"<p>Pol\u00edtica de cookies \u00bfQu\u00e9 son las cookies?Una cookie es un peque\u00f1o archivo de texto que se almacena en tu navegador cuando visitas casi cualquier p\u00e1gina web. Su utilidad es que [&hellip;]<\/p>","protected":false},"author":1,"featured_media":0,"parent":0,"menu_order":0,"comment_status":"closed","ping_status":"closed","template":"","meta":{"_seopress_robots_primary_cat":"","_seopress_titles_title":"","_seopress_titles_desc":"","_seopress_robots_index":"","site-sidebar-layout":"no-sidebar","site-content-layout":"page-builder","ast-site-content-layout":"full-width-container","site-content-style":"default","site-sidebar-style":"default","ast-global-header-display":"","ast-banner-title-visibility":"","ast-main-header-display":"","ast-hfb-above-header-display":"","ast-hfb-below-header-display":"","ast-hfb-mobile-header-display":"","site-post-title":"disabled","ast-breadcrumbs-content":"","ast-featured-img":"disabled","footer-sml-layout":"","ast-disable-related-posts":"","theme-transparent-header-meta":"","adv-header-id-meta":"","stick-header-meta":"","header-above-stick-meta":"","header-main-stick-meta":"","header-below-stick-meta":"","astra-migrate-meta-layouts":"set","ast-page-background-enabled":"default","ast-page-background-meta":{"desktop":{"background-color":"","background-image":"","background-repeat":"repeat","background-position":"center center","background-size":"auto","background-attachment":"scroll","background-type":"","background-media":"","overlay-type":"","overlay-color":"","overlay-opacity":"","overlay-gradient":""},"tablet":{"background-color":"","background-image":"","background-repeat":"repeat","background-position":"center center","background-size":"auto","background-attachment":"scroll","background-type":"","background-media":"","overlay-type":"","overlay-color":"","overlay-opacity":"","overlay-gradient":""},"mobile":{"background-color":"","background-image":"","background-repeat":"repeat","background-position":"center center","background-size":"auto","background-attachment":"scroll","background-type":"","background-media":"","overlay-type":"","overlay-color":"","overlay-opacity":"","overlay-gradient":""}},"ast-content-background-meta":{"desktop":{"background-color":"var(--ast-global-color-5)","background-image":"","background-repeat":"repeat","background-position":"center center","background-size":"auto","background-attachment":"scroll","background-type":"","background-media":"","overlay-type":"","overlay-color":"","overlay-opacity":"","overlay-gradient":""},"tablet":{"background-color":"var(--ast-global-color-5)","background-image":"","background-repeat":"repeat","background-position":"center center","background-size":"auto","background-attachment":"scroll","background-type":"","background-media":"","overlay-type":"","overlay-color":"","overlay-opacity":"","overlay-gradient":""},"mobile":{"background-color":"var(--ast-global-color-5)","background-image":"","background-repeat":"repeat","background-position":"center center","background-size":"auto","background-attachment":"scroll","background-type":"","background-media":"","overlay-type":"","overlay-color":"","overlay-opacity":"","overlay-gradient":""}},"footnotes":""},"class_list":["post-2152","page","type-page","status-publish","hentry"],"_links":{"self":[{"href":"https:\/\/doblecielo.es\/en\/wp-json\/wp\/v2\/pages\/2152","targetHints":{"allow":["GET"]}}],"collection":[{"href":"https:\/\/doblecielo.es\/en\/wp-json\/wp\/v2\/pages"}],"about":[{"href":"https:\/\/doblecielo.es\/en\/wp-json\/wp\/v2\/types\/page"}],"author":[{"embeddable":true,"href":"https:\/\/doblecielo.es\/en\/wp-json\/wp\/v2\/users\/1"}],"replies":[{"embeddable":true,"href":"https:\/\/doblecielo.es\/en\/wp-json\/wp\/v2\/comments?post=2152"}],"version-history":[{"count":4,"href":"https:\/\/doblecielo.es\/en\/wp-json\/wp\/v2\/pages\/2152\/revisions"}],"predecessor-version":[{"id":2156,"href":"https:\/\/doblecielo.es\/en\/wp-json\/wp\/v2\/pages\/2152\/revisions\/2156"}],"wp:attachment":[{"href":"https:\/\/doblecielo.es\/en\/wp-json\/wp\/v2\/media?parent=2152"}],"curies":[{"name":"wp","href":"https:\/\/api.w.org\/{rel}","templated":true}]}}