{"id":2138,"date":"2025-05-05T21:49:30","date_gmt":"2025-05-05T19:49:30","guid":{"rendered":"https:\/\/doblecielo.es\/?page_id=2138"},"modified":"2025-05-05T21:49:41","modified_gmt":"2025-05-05T19:49:41","slug":"aviso_legal","status":"publish","type":"page","link":"https:\/\/doblecielo.es\/en\/aviso_legal\/","title":{"rendered":"Aviso legal"},"content":{"rendered":"<div data-elementor-type=\"wp-page\" data-elementor-id=\"2138\" class=\"elementor elementor-2138\">\n\t\t\t\t<div class=\"elementor-element elementor-element-889d866 e-flex e-con-boxed e-con e-parent\" data-id=\"889d866\" data-element_type=\"container\" data-e-type=\"container\">\n\t\t\t\t\t<div class=\"e-con-inner\">\n\t\t\t\t<div class=\"elementor-element elementor-element-b129594 elementor-widget elementor-widget-heading\" data-id=\"b129594\" data-element_type=\"widget\" data-e-type=\"widget\" data-widget_type=\"heading.default\">\n\t\t\t\t<div class=\"elementor-widget-container\">\n\t\t\t\t\t<h2 class=\"elementor-heading-title elementor-size-default\">Aviso legal<\/h2>\t\t\t\t<\/div>\n\t\t\t\t<\/div>\n\t\t\t\t\t<\/div>\n\t\t\t\t<\/div>\n\t\t<div class=\"elementor-element elementor-element-09f2454 e-flex e-con-boxed e-con e-parent\" data-id=\"09f2454\" data-element_type=\"container\" data-e-type=\"container\">\n\t\t\t\t\t<div class=\"e-con-inner\">\n\t\t\t\t<div class=\"elementor-element elementor-element-8bf2d56 elementor-widget elementor-widget-text-editor\" data-id=\"8bf2d56\" data-element_type=\"widget\" data-e-type=\"widget\" data-widget_type=\"text-editor.default\">\n\t\t\t\t<div class=\"elementor-widget-container\">\n\t\t\t\t\t\t\t\t\t<p class=\"\" data-start=\"271\" data-end=\"376\"><strong data-start=\"271\" data-end=\"297\">Titular del sitio web:<\/strong><br data-start=\"297\" data-end=\"300\" \/>Lydia de la Torre Coello<\/p><p class=\"\" data-start=\"378\" data-end=\"437\"><strong data-start=\"378\" data-end=\"413\">Correo electr\u00f3nico de contacto:<\/strong><br data-start=\"413\" data-end=\"416\" \/>[<a rel=\"noopener\">contacto@doblecielo.es<\/a>]<\/p><p class=\"\" data-start=\"439\" data-end=\"536\"><strong data-start=\"439\" data-end=\"464\">Nombre del sitio web:<\/strong><br data-start=\"464\" data-end=\"467\" \/>Doble Cielo<br data-start=\"478\" data-end=\"481\" \/><strong data-start=\"481\" data-end=\"489\">URL:<\/strong> <a class=\"\" href=\"https:\/\/doblecielo.es\/en\/\" target=\"_new\" rel=\"noopener\" data-start=\"490\" data-end=\"536\">https:\/\/doblecielo.es<\/a><\/p><p class=\"\" data-start=\"538\" data-end=\"673\"><strong data-start=\"538\" data-end=\"548\">Objeto<\/strong><br data-start=\"548\" data-end=\"551\" \/>El presente aviso legal regula el uso del sitio web <a class=\"\" href=\"https:\/\/doblecielo.es\/en\/\" target=\"_new\" rel=\"noopener\" data-start=\"603\" data-end=\"649\">https:\/\/doblecielo.es<\/a>, cuyo titular es Lydia.<\/p><p class=\"\" data-start=\"675\" data-end=\"920\">El acceso al sitio web implica la aceptaci\u00f3n plena y sin reservas de todas y cada una de las disposiciones incluidas en este Aviso Legal. Si no est\u00e1s de acuerdo con cualquiera de las condiciones aqu\u00ed establecidas, no deber\u00e1s usar este sitio web.<\/p><p class=\"\" data-start=\"922\" data-end=\"1104\"><strong data-start=\"922\" data-end=\"953\">Responsabilidad del usuario<\/strong><br data-start=\"953\" data-end=\"956\" \/>El usuario se compromete a utilizar el sitio web, sus servicios y contenidos sin contravenir la legislaci\u00f3n vigente, la buena fe y el orden p\u00fablico.<\/p><p class=\"\" data-start=\"1106\" data-end=\"1373\"><strong data-start=\"1106\" data-end=\"1144\">Propiedad intelectual e industrial<\/strong><br data-start=\"1144\" data-end=\"1147\" \/>Todos los contenidos del sitio web, incluyendo textos, im\u00e1genes, gr\u00e1ficos o c\u00f3digo fuente, son propiedad de Lydia, o de terceros que han autorizado su uso, y est\u00e1n protegidos por derechos de propiedad intelectual e industrial.<\/p><p class=\"\" data-start=\"1375\" data-end=\"1538\"><strong data-start=\"1375\" data-end=\"1395\">Enlaces externos<\/strong><br data-start=\"1395\" data-end=\"1398\" \/>Este sitio web puede contener enlaces a sitios web de terceros. No nos responsabilizamos del contenido ni de las pr\u00e1cticas de dichos sitios.<\/p><p class=\"\" data-start=\"1540\" data-end=\"1646\"><strong data-start=\"1540\" data-end=\"1558\">Modificaciones<\/strong><br data-start=\"1558\" data-end=\"1561\" \/>Podremos modificar el contenido de esta p\u00e1gina en cualquier momento sin previo aviso.<\/p>\t\t\t\t\t\t\t\t<\/div>\n\t\t\t\t<\/div>\n\t\t\t\t\t<\/div>\n\t\t\t\t<\/div>\n\t\t\t\t<\/div>","protected":false},"excerpt":{"rendered":"<p>Aviso legal Titular del sitio web:Lydia de la Torre Coello Correo electr\u00f3nico de contacto:[contacto@doblecielo.es] Nombre del sitio web:Doble CieloURL: https:\/\/doblecielo.es ObjetoEl presente aviso legal regula el uso del sitio web [&hellip;]<\/p>","protected":false},"author":1,"featured_media":0,"parent":0,"menu_order":0,"comment_status":"closed","ping_status":"closed","template":"","meta":{"_seopress_robots_primary_cat":"","_seopress_titles_title":"","_seopress_titles_desc":"","_seopress_robots_index":"","site-sidebar-layout":"no-sidebar","site-content-layout":"page-builder","ast-site-content-layout":"full-width-container","site-content-style":"default","site-sidebar-style":"default","ast-global-header-display":"","ast-banner-title-visibility":"","ast-main-header-display":"","ast-hfb-above-header-display":"","ast-hfb-below-header-display":"","ast-hfb-mobile-header-display":"","site-post-title":"disabled","ast-breadcrumbs-content":"","ast-featured-img":"disabled","footer-sml-layout":"","ast-disable-related-posts":"","theme-transparent-header-meta":"","adv-header-id-meta":"","stick-header-meta":"","header-above-stick-meta":"","header-main-stick-meta":"","header-below-stick-meta":"","astra-migrate-meta-layouts":"set","ast-page-background-enabled":"default","ast-page-background-meta":{"desktop":{"background-color":"","background-image":"","background-repeat":"repeat","background-position":"center center","background-size":"auto","background-attachment":"scroll","background-type":"","background-media":"","overlay-type":"","overlay-color":"","overlay-opacity":"","overlay-gradient":""},"tablet":{"background-color":"","background-image":"","background-repeat":"repeat","background-position":"center center","background-size":"auto","background-attachment":"scroll","background-type":"","background-media":"","overlay-type":"","overlay-color":"","overlay-opacity":"","overlay-gradient":""},"mobile":{"background-color":"","background-image":"","background-repeat":"repeat","background-position":"center center","background-size":"auto","background-attachment":"scroll","background-type":"","background-media":"","overlay-type":"","overlay-color":"","overlay-opacity":"","overlay-gradient":""}},"ast-content-background-meta":{"desktop":{"background-color":"var(--ast-global-color-5)","background-image":"","background-repeat":"repeat","background-position":"center center","background-size":"auto","background-attachment":"scroll","background-type":"","background-media":"","overlay-type":"","overlay-color":"","overlay-opacity":"","overlay-gradient":""},"tablet":{"background-color":"var(--ast-global-color-5)","background-image":"","background-repeat":"repeat","background-position":"center center","background-size":"auto","background-attachment":"scroll","background-type":"","background-media":"","overlay-type":"","overlay-color":"","overlay-opacity":"","overlay-gradient":""},"mobile":{"background-color":"var(--ast-global-color-5)","background-image":"","background-repeat":"repeat","background-position":"center center","background-size":"auto","background-attachment":"scroll","background-type":"","background-media":"","overlay-type":"","overlay-color":"","overlay-opacity":"","overlay-gradient":""}},"footnotes":""},"class_list":["post-2138","page","type-page","status-publish","hentry"],"_links":{"self":[{"href":"https:\/\/doblecielo.es\/en\/wp-json\/wp\/v2\/pages\/2138","targetHints":{"allow":["GET"]}}],"collection":[{"href":"https:\/\/doblecielo.es\/en\/wp-json\/wp\/v2\/pages"}],"about":[{"href":"https:\/\/doblecielo.es\/en\/wp-json\/wp\/v2\/types\/page"}],"author":[{"embeddable":true,"href":"https:\/\/doblecielo.es\/en\/wp-json\/wp\/v2\/users\/1"}],"replies":[{"embeddable":true,"href":"https:\/\/doblecielo.es\/en\/wp-json\/wp\/v2\/comments?post=2138"}],"version-history":[{"count":4,"href":"https:\/\/doblecielo.es\/en\/wp-json\/wp\/v2\/pages\/2138\/revisions"}],"predecessor-version":[{"id":2142,"href":"https:\/\/doblecielo.es\/en\/wp-json\/wp\/v2\/pages\/2138\/revisions\/2142"}],"wp:attachment":[{"href":"https:\/\/doblecielo.es\/en\/wp-json\/wp\/v2\/media?parent=2138"}],"curies":[{"name":"wp","href":"https:\/\/api.w.org\/{rel}","templated":true}]}}