{"id":2126,"date":"2025-05-05T20:33:38","date_gmt":"2025-05-05T18:33:38","guid":{"rendered":"https:\/\/doblecielo.es\/?page_id=2126"},"modified":"2025-05-05T20:41:28","modified_gmt":"2025-05-05T18:41:28","slug":"politica_privacidad","status":"publish","type":"page","link":"https:\/\/doblecielo.es\/en\/politica_privacidad\/","title":{"rendered":"Pol\u00edtica de privacidad"},"content":{"rendered":"<div data-elementor-type=\"wp-page\" data-elementor-id=\"2126\" class=\"elementor elementor-2126\">\n\t\t\t\t<div class=\"elementor-element elementor-element-889d866 e-flex e-con-boxed e-con e-parent\" data-id=\"889d866\" data-element_type=\"container\" data-e-type=\"container\">\n\t\t\t\t\t<div class=\"e-con-inner\">\n\t\t\t\t<div class=\"elementor-element elementor-element-b129594 elementor-widget elementor-widget-heading\" data-id=\"b129594\" data-element_type=\"widget\" data-e-type=\"widget\" data-widget_type=\"heading.default\">\n\t\t\t\t<div class=\"elementor-widget-container\">\n\t\t\t\t\t<h2 class=\"elementor-heading-title elementor-size-default\">Pol\u00edtica de Privacidad<\/h2>\t\t\t\t<\/div>\n\t\t\t\t<\/div>\n\t\t\t\t\t<\/div>\n\t\t\t\t<\/div>\n\t\t<div class=\"elementor-element elementor-element-09f2454 e-flex e-con-boxed e-con e-parent\" data-id=\"09f2454\" data-element_type=\"container\" data-e-type=\"container\">\n\t\t\t\t\t<div class=\"e-con-inner\">\n\t\t\t\t<div class=\"elementor-element elementor-element-8bf2d56 elementor-widget elementor-widget-text-editor\" data-id=\"8bf2d56\" data-element_type=\"widget\" data-e-type=\"widget\" data-widget_type=\"text-editor.default\">\n\t\t\t\t<div class=\"elementor-widget-container\">\n\t\t\t\t\t\t\t\t\t<p class=\"\" data-start=\"332\" data-end=\"365\"><strong data-start=\"332\" data-end=\"365\">\u00daltima actualizaci\u00f3n: mayo 2025<\/strong><\/p><p class=\"\" data-start=\"367\" data-end=\"577\">En Doble Cielo\u00a0 (<a class=\"\" href=\"https:\/\/tusitioweb.com\" target=\"_new\" rel=\"noopener\" data-start=\"390\" data-end=\"412\">https:\/\/doblecielo.es<\/a>), la privacidad de nuestros visitantes es de suma importancia. En esta p\u00e1gina te explicamos qu\u00e9 datos recogemos, c\u00f3mo los usamos y qu\u00e9 derechos tienes como usuario.<\/p><h3 class=\"\" data-start=\"579\" data-end=\"607\">1. Responsable del sitio<\/h3><p class=\"\" data-start=\"608\" data-end=\"729\"><strong data-start=\"608\" data-end=\"620\">Titular:<\/strong> Lydia de la Torre<br data-start=\"640\" data-end=\"643\" \/><strong data-start=\"643\" data-end=\"666\">Correo electr\u00f3nico:<\/strong> [<a rel=\"noopener\">contacto@doblecielo.es<\/a>]<br data-start=\"689\" data-end=\"692\" \/><strong data-start=\"692\" data-end=\"706\">Sitio web:<\/strong> <a class=\"\" href=\"https:\/\/tusitioweb.com\" target=\"_new\" rel=\"noopener\" data-start=\"707\" data-end=\"729\">https:\/\/doblecielo.es<\/a><\/p><hr class=\"\" data-start=\"731\" data-end=\"734\" \/><h3 class=\"\" data-start=\"736\" data-end=\"762\">2. Datos que recogemos<\/h3><ul data-start=\"763\" data-end=\"1038\"><li class=\"\" data-start=\"763\" data-end=\"855\"><p class=\"\" data-start=\"765\" data-end=\"855\"><strong data-start=\"765\" data-end=\"792\">Formulario de contacto:<\/strong> nombre, correo electr\u00f3nico y cualquier mensaje que nos env\u00edes.<\/p><\/li><li class=\"\" data-start=\"856\" data-end=\"962\"><p class=\"\" data-start=\"858\" data-end=\"962\"><strong data-start=\"858\" data-end=\"870\">Cookies:<\/strong> para mejorar la experiencia de navegaci\u00f3n y estad\u00edsticas an\u00f3nimas (Google Analytics, etc.).<\/p><\/li><li class=\"\" data-start=\"963\" data-end=\"1038\"><p class=\"\" data-start=\"965\" data-end=\"1038\"><strong data-start=\"965\" data-end=\"1009\">Suscripci\u00f3n a la newsletter:<\/strong> nombre y correo electr\u00f3nico.<\/p><\/li><\/ul><hr class=\"\" data-start=\"1040\" data-end=\"1043\" \/><h3 class=\"\" data-start=\"1045\" data-end=\"1074\">3. Finalidad de los datos<\/h3><ul data-start=\"1075\" data-end=\"1217\"><li class=\"\" data-start=\"1075\" data-end=\"1114\"><p class=\"\" data-start=\"1077\" data-end=\"1114\">Responder a tus mensajes y consultas.<\/p><\/li><li class=\"\" data-start=\"1115\" data-end=\"1164\"><p class=\"\" data-start=\"1117\" data-end=\"1164\">Enviarte correos con novedades si te suscribes.<\/p><\/li><li class=\"\" data-start=\"1165\" data-end=\"1217\"><p class=\"\" data-start=\"1167\" data-end=\"1217\">Analizar el tr\u00e1fico web para mejorar el contenido.<\/p><\/li><\/ul><hr class=\"\" data-start=\"1219\" data-end=\"1222\" \/><h3 class=\"\" data-start=\"1224\" data-end=\"1262\">4. Terceros con acceso a tus datos<\/h3><p class=\"\" data-start=\"1263\" data-end=\"1312\">Utilizamos herramientas que pueden recoger datos:<\/p><ul data-start=\"1313\" data-end=\"1453\"><li class=\"\" data-start=\"1313\" data-end=\"1364\"><p class=\"\" data-start=\"1315\" data-end=\"1364\"><strong data-start=\"1315\" data-end=\"1335\">Google Analytics<\/strong>\u00a0<\/p><\/li><li class=\"\" data-start=\"1365\" data-end=\"1453\"><p class=\"\" data-start=\"1367\" data-end=\"1453\"><strong data-start=\"1367\" data-end=\"1406\">\u00a0Mailchimp\u00a0<\/strong><\/p><\/li><\/ul><p class=\"\" data-start=\"1455\" data-end=\"1514\">Estos servicios tienen sus propias pol\u00edticas de privacidad.<\/p><hr class=\"\" data-start=\"1516\" data-end=\"1519\" \/><h3 class=\"\" data-start=\"1521\" data-end=\"1540\">5. Tus derechos<\/h3><p class=\"\" data-start=\"1541\" data-end=\"1558\">Tienes derecho a:<\/p><ul data-start=\"1559\" data-end=\"1686\"><li class=\"\" data-start=\"1559\" data-end=\"1592\"><p class=\"\" data-start=\"1561\" data-end=\"1592\">Acceder a tus datos personales.<\/p><\/li><li class=\"\" data-start=\"1593\" data-end=\"1636\"><p class=\"\" data-start=\"1595\" data-end=\"1636\">Solicitar su rectificaci\u00f3n o eliminaci\u00f3n.<\/p><\/li><li class=\"\" data-start=\"1637\" data-end=\"1686\"><p class=\"\" data-start=\"1639\" data-end=\"1686\">Retirar tu consentimiento en cualquier momento.<\/p><\/li><\/ul><p class=\"\" data-start=\"1688\" data-end=\"1751\">Para ejercer tus derechos, escr\u00edbenos a: [<a rel=\"noopener\">contacto@doblecielo.es<\/a>]<\/p><hr class=\"\" data-start=\"1753\" data-end=\"1756\" \/><h3 class=\"\" data-start=\"1758\" data-end=\"1774\">6. Seguridad<\/h3><p class=\"\" data-start=\"1775\" data-end=\"1878\">Protegemos tus datos con medidas t\u00e9cnicas y organizativas adecuadas para evitar accesos no autorizados.<\/p><hr class=\"\" data-start=\"1880\" data-end=\"1883\" \/><h3 class=\"\" data-start=\"1885\" data-end=\"1916\">7. Cambios en esta pol\u00edtica<\/h3><p class=\"\" data-start=\"1917\" data-end=\"2055\">Nos reservamos el derecho a modificar esta pol\u00edtica para adaptarla a novedades legales o t\u00e9cnicas. Se recomienda revisarla peri\u00f3dicamente.<\/p>\t\t\t\t\t\t\t\t<\/div>\n\t\t\t\t<\/div>\n\t\t\t\t\t<\/div>\n\t\t\t\t<\/div>\n\t\t\t\t<\/div>","protected":false},"excerpt":{"rendered":"<p>Pol\u00edtica de Privacidad \u00daltima actualizaci\u00f3n: mayo 2025 En Doble Cielo\u00a0 (https:\/\/doblecielo.es), la privacidad de nuestros visitantes es de suma importancia. En esta p\u00e1gina te explicamos qu\u00e9 datos recogemos, c\u00f3mo los [&hellip;]<\/p>","protected":false},"author":1,"featured_media":0,"parent":0,"menu_order":0,"comment_status":"closed","ping_status":"closed","template":"","meta":{"_seopress_robots_primary_cat":"","_seopress_titles_title":"","_seopress_titles_desc":"","_seopress_robots_index":"","site-sidebar-layout":"no-sidebar","site-content-layout":"page-builder","ast-site-content-layout":"full-width-container","site-content-style":"default","site-sidebar-style":"default","ast-global-header-display":"","ast-banner-title-visibility":"","ast-main-header-display":"","ast-hfb-above-header-display":"","ast-hfb-below-header-display":"","ast-hfb-mobile-header-display":"","site-post-title":"disabled","ast-breadcrumbs-content":"","ast-featured-img":"disabled","footer-sml-layout":"","ast-disable-related-posts":"","theme-transparent-header-meta":"","adv-header-id-meta":"","stick-header-meta":"","header-above-stick-meta":"","header-main-stick-meta":"","header-below-stick-meta":"","astra-migrate-meta-layouts":"set","ast-page-background-enabled":"default","ast-page-background-meta":{"desktop":{"background-color":"","background-image":"","background-repeat":"repeat","background-position":"center center","background-size":"auto","background-attachment":"scroll","background-type":"","background-media":"","overlay-type":"","overlay-color":"","overlay-opacity":"","overlay-gradient":""},"tablet":{"background-color":"","background-image":"","background-repeat":"repeat","background-position":"center center","background-size":"auto","background-attachment":"scroll","background-type":"","background-media":"","overlay-type":"","overlay-color":"","overlay-opacity":"","overlay-gradient":""},"mobile":{"background-color":"","background-image":"","background-repeat":"repeat","background-position":"center center","background-size":"auto","background-attachment":"scroll","background-type":"","background-media":"","overlay-type":"","overlay-color":"","overlay-opacity":"","overlay-gradient":""}},"ast-content-background-meta":{"desktop":{"background-color":"var(--ast-global-color-5)","background-image":"","background-repeat":"repeat","background-position":"center center","background-size":"auto","background-attachment":"scroll","background-type":"","background-media":"","overlay-type":"","overlay-color":"","overlay-opacity":"","overlay-gradient":""},"tablet":{"background-color":"var(--ast-global-color-5)","background-image":"","background-repeat":"repeat","background-position":"center center","background-size":"auto","background-attachment":"scroll","background-type":"","background-media":"","overlay-type":"","overlay-color":"","overlay-opacity":"","overlay-gradient":""},"mobile":{"background-color":"var(--ast-global-color-5)","background-image":"","background-repeat":"repeat","background-position":"center center","background-size":"auto","background-attachment":"scroll","background-type":"","background-media":"","overlay-type":"","overlay-color":"","overlay-opacity":"","overlay-gradient":""}},"footnotes":""},"class_list":["post-2126","page","type-page","status-publish","hentry"],"_links":{"self":[{"href":"https:\/\/doblecielo.es\/en\/wp-json\/wp\/v2\/pages\/2126","targetHints":{"allow":["GET"]}}],"collection":[{"href":"https:\/\/doblecielo.es\/en\/wp-json\/wp\/v2\/pages"}],"about":[{"href":"https:\/\/doblecielo.es\/en\/wp-json\/wp\/v2\/types\/page"}],"author":[{"embeddable":true,"href":"https:\/\/doblecielo.es\/en\/wp-json\/wp\/v2\/users\/1"}],"replies":[{"embeddable":true,"href":"https:\/\/doblecielo.es\/en\/wp-json\/wp\/v2\/comments?post=2126"}],"version-history":[{"count":8,"href":"https:\/\/doblecielo.es\/en\/wp-json\/wp\/v2\/pages\/2126\/revisions"}],"predecessor-version":[{"id":2135,"href":"https:\/\/doblecielo.es\/en\/wp-json\/wp\/v2\/pages\/2126\/revisions\/2135"}],"wp:attachment":[{"href":"https:\/\/doblecielo.es\/en\/wp-json\/wp\/v2\/media?parent=2126"}],"curies":[{"name":"wp","href":"https:\/\/api.w.org\/{rel}","templated":true}]}}