{"id":1532,"date":"2025-05-02T03:15:00","date_gmt":"2025-05-02T01:15:00","guid":{"rendered":"https:\/\/doblecielo.es\/contact\/"},"modified":"2025-06-30T18:49:11","modified_gmt":"2025-06-30T16:49:11","slug":"michael_exito-2-2","status":"publish","type":"page","link":"https:\/\/doblecielo.es\/en\/michael_exito-2-2\/","title":{"rendered":"Astrodiario"},"content":{"rendered":"<div data-elementor-type=\"wp-post\" data-elementor-id=\"1532\" class=\"elementor elementor-1532\">\n\t\t\t\t<div class=\"elementor-element elementor-element-1fdbd51 e-flex e-con-boxed e-con e-parent\" data-id=\"1fdbd51\" data-element_type=\"container\" data-e-type=\"container\">\n\t\t\t\t\t<div class=\"e-con-inner\">\n\t\t\t\t<div class=\"elementor-element elementor-element-22a5009 elementor-widget elementor-widget-text-editor\" data-id=\"22a5009\" data-element_type=\"widget\" data-e-type=\"widget\" data-widget_type=\"text-editor.default\">\n\t\t\t\t<div class=\"elementor-widget-container\">\n\t\t\t\t\t\t\t\t\t<p><strong>30\/06\/2025<\/strong><\/p>\t\t\t\t\t\t\t\t<\/div>\n\t\t\t\t<\/div>\n\t\t<div class=\"elementor-element elementor-element-4e09453 e-grid e-con-full e-con e-child\" data-id=\"4e09453\" data-element_type=\"container\" data-e-type=\"container\">\n\t\t\t\t<div class=\"elementor-element elementor-element-034fc5b elementor-widget elementor-widget-image\" data-id=\"034fc5b\" data-element_type=\"widget\" data-e-type=\"widget\" data-widget_type=\"image.default\">\n\t\t\t\t<div class=\"elementor-widget-container\">\n\t\t\t\t\t\t\t\t\t\t\t\t\t\t\t<img alt=\"\" fetchpriority=\"high\" decoding=\"async\" width=\"1024\" height=\"576\" src=\"https:\/\/doblecielo.es\/wp-content\/uploads\/2025\/06\/Sin-titulo-1280-x-720-px-23-1024x576.png\" class=\"attachment-large size-large wp-image-2849\" srcset=\"https:\/\/doblecielo.es\/wp-content\/uploads\/2025\/06\/Sin-titulo-1280-x-720-px-23-1024x576.png 1024w, https:\/\/doblecielo.es\/wp-content\/uploads\/2025\/06\/Sin-titulo-1280-x-720-px-23-300x169.png 300w, https:\/\/doblecielo.es\/wp-content\/uploads\/2025\/06\/Sin-titulo-1280-x-720-px-23-768x432.png 768w, https:\/\/doblecielo.es\/wp-content\/uploads\/2025\/06\/Sin-titulo-1280-x-720-px-23-18x10.png 18w, https:\/\/doblecielo.es\/wp-content\/uploads\/2025\/06\/Sin-titulo-1280-x-720-px-23-600x338.png 600w, https:\/\/doblecielo.es\/wp-content\/uploads\/2025\/06\/Sin-titulo-1280-x-720-px-23.png 1280w\" sizes=\"(max-width: 1024px) 100vw, 1024px\" \/>\t\t\t\t\t\t\t\t\t\t\t\t\t\t\t<\/div>\n\t\t\t\t<\/div>\n\t\t<div class=\"elementor-element elementor-element-ab09ca7 e-con-full e-flex e-con e-child\" data-id=\"ab09ca7\" data-element_type=\"container\" data-e-type=\"container\">\n\t\t\t\t<div class=\"elementor-element elementor-element-9ea9e8f elementor-widget elementor-widget-heading\" data-id=\"9ea9e8f\" data-element_type=\"widget\" data-e-type=\"widget\" data-widget_type=\"heading.default\">\n\t\t\t\t<div class=\"elementor-widget-container\">\n\t\t\t\t\t<h3 class=\"elementor-heading-title elementor-size-default\">Urano en G\u00e9minis: el rayo entra en el circuito<\/h3>\t\t\t\t<\/div>\n\t\t\t\t<\/div>\n\t\t\t\t<div class=\"elementor-element elementor-element-9b3faea elementor-widget elementor-widget-text-editor\" data-id=\"9b3faea\" data-element_type=\"widget\" data-e-type=\"widget\" data-widget_type=\"text-editor.default\">\n\t\t\t\t<div class=\"elementor-widget-container\">\n\t\t\t\t\t\t\t\t\t<p>Urano no anuncia su llegada.<br data-start=\"279\" data-end=\"282\" \/>Irrumpe como un rel\u00e1mpago que parte en dos la noche. Como un c\u00f3digo nuevo que irrumpe en el sistema sin previo aviso. No pide permiso. Simplemente, transforma.<\/p>\t\t\t\t\t\t\t\t<\/div>\n\t\t\t\t<\/div>\n\t\t\t\t<div class=\"elementor-element elementor-element-bf95f38 elementor-widget elementor-widget-button\" data-id=\"bf95f38\" data-element_type=\"widget\" data-e-type=\"widget\" data-widget_type=\"button.default\">\n\t\t\t\t<div class=\"elementor-widget-container\">\n\t\t\t\t\t\t\t\t\t<div class=\"elementor-button-wrapper\">\n\t\t\t\t\t<a class=\"elementor-button elementor-button-link elementor-size-sm\" href=\"https:\/\/doblecielo.es\/en\/michael_exito-2-2\/urano_geminis\/\">\n\t\t\t\t\t\t<span class=\"elementor-button-content-wrapper\">\n\t\t\t\t\t\t\t\t\t<span class=\"elementor-button-text\">Ver m\u00e1s<\/span>\n\t\t\t\t\t<\/span>\n\t\t\t\t\t<\/a>\n\t\t\t\t<\/div>\n\t\t\t\t\t\t\t\t<\/div>\n\t\t\t\t<\/div>\n\t\t\t\t<\/div>\n\t\t\t\t<\/div>\n\t\t\t\t\t<\/div>\n\t\t\t\t<\/div>\n\t\t<div class=\"elementor-element elementor-element-500278b e-flex e-con-boxed e-con e-parent\" data-id=\"500278b\" data-element_type=\"container\" data-e-type=\"container\">\n\t\t\t\t\t<div class=\"e-con-inner\">\n\t\t\t\t<div class=\"elementor-element elementor-element-0a7b093 elementor-widget elementor-widget-text-editor\" data-id=\"0a7b093\" data-element_type=\"widget\" data-e-type=\"widget\" data-widget_type=\"text-editor.default\">\n\t\t\t\t<div class=\"elementor-widget-container\">\n\t\t\t\t\t\t\t\t\t<p><strong>18\/05\/2025<\/strong><\/p>\t\t\t\t\t\t\t\t<\/div>\n\t\t\t\t<\/div>\n\t\t<div class=\"elementor-element elementor-element-35eb18d e-grid e-con-full e-con e-child\" data-id=\"35eb18d\" data-element_type=\"container\" data-e-type=\"container\">\n\t\t\t\t<div class=\"elementor-element elementor-element-d21dc1d elementor-widget elementor-widget-image\" data-id=\"d21dc1d\" data-element_type=\"widget\" data-e-type=\"widget\" data-widget_type=\"image.default\">\n\t\t\t\t<div class=\"elementor-widget-container\">\n\t\t\t\t\t\t\t\t\t\t\t\t\t\t\t<img alt=\"\" decoding=\"async\" width=\"1024\" height=\"576\" data-src=\"https:\/\/doblecielo.es\/wp-content\/uploads\/2025\/05\/CHER-AL-DESCUBIERTO-1280-x-720-px-10-1024x576.png\" class=\"attachment-large size-large wp-image-2511 lazyload\" data-srcset=\"https:\/\/doblecielo.es\/wp-content\/uploads\/2025\/05\/CHER-AL-DESCUBIERTO-1280-x-720-px-10-1024x576.png 1024w, https:\/\/doblecielo.es\/wp-content\/uploads\/2025\/05\/CHER-AL-DESCUBIERTO-1280-x-720-px-10-300x169.png 300w, https:\/\/doblecielo.es\/wp-content\/uploads\/2025\/05\/CHER-AL-DESCUBIERTO-1280-x-720-px-10-768x432.png 768w, https:\/\/doblecielo.es\/wp-content\/uploads\/2025\/05\/CHER-AL-DESCUBIERTO-1280-x-720-px-10-18x10.png 18w, https:\/\/doblecielo.es\/wp-content\/uploads\/2025\/05\/CHER-AL-DESCUBIERTO-1280-x-720-px-10-600x338.png 600w, https:\/\/doblecielo.es\/wp-content\/uploads\/2025\/05\/CHER-AL-DESCUBIERTO-1280-x-720-px-10.png 1280w\" data-sizes=\"(max-width: 1024px) 100vw, 1024px\" src=\"data:image\/svg+xml;base64,PHN2ZyB3aWR0aD0iMSIgaGVpZ2h0PSIxIiB4bWxucz0iaHR0cDovL3d3dy53My5vcmcvMjAwMC9zdmciPjwvc3ZnPg==\" style=\"--smush-placeholder-width: 1024px; --smush-placeholder-aspect-ratio: 1024\/576;\" \/>\t\t\t\t\t\t\t\t\t\t\t\t\t\t\t<\/div>\n\t\t\t\t<\/div>\n\t\t<div class=\"elementor-element elementor-element-2bebab9 e-con-full e-flex e-con e-child\" data-id=\"2bebab9\" data-element_type=\"container\" data-e-type=\"container\">\n\t\t\t\t<div class=\"elementor-element elementor-element-11e4c1d elementor-widget elementor-widget-heading\" data-id=\"11e4c1d\" data-element_type=\"widget\" data-e-type=\"widget\" data-widget_type=\"heading.default\">\n\t\t\t\t<div class=\"elementor-widget-container\">\n\t\t\t\t\t<h3 class=\"elementor-heading-title elementor-size-default\">La Luna en la astrolog\u00eda helen\u00edstica<\/h3>\t\t\t\t<\/div>\n\t\t\t\t<\/div>\n\t\t\t\t<div class=\"elementor-element elementor-element-e1d5ebb elementor-widget elementor-widget-text-editor\" data-id=\"e1d5ebb\" data-element_type=\"widget\" data-e-type=\"widget\" data-widget_type=\"text-editor.default\">\n\t\t\t\t<div class=\"elementor-widget-container\">\n\t\t\t\t\t\t\t\t\t<p>En el mundo helen\u00edstico la Luna no era solo un astro: \u00a1era una diosa! Se dec\u00eda que Selene, hija de Titanes, cabalgaba cada noche sobre su carro de plata. La mitolog\u00eda lunar form\u00f3 una triada simb\u00f3lica: <strong>Artemisa<\/strong> (con la luna creciente, la jovialidad y la caza), <strong>Selene<\/strong> misma (luna llena, la maternidad y la fecundidad) y <strong>H\u00e9cate<\/strong> (luna menguante, la sabidur\u00eda oculta y la vejez). Estas tres facetas dibujaban el ciclo del nacimiento, la plenitud y el declive. En las noches antiguas se ve\u00eda en la Luna la encarnaci\u00f3n de la eternidad femenina y los ritmos de la vida misma.<\/p>\t\t\t\t\t\t\t\t<\/div>\n\t\t\t\t<\/div>\n\t\t\t\t<div class=\"elementor-element elementor-element-4e3b757 elementor-widget elementor-widget-button\" data-id=\"4e3b757\" data-element_type=\"widget\" data-e-type=\"widget\" data-widget_type=\"button.default\">\n\t\t\t\t<div class=\"elementor-widget-container\">\n\t\t\t\t\t\t\t\t\t<div class=\"elementor-button-wrapper\">\n\t\t\t\t\t<a class=\"elementor-button elementor-button-link elementor-size-sm\" href=\"https:\/\/doblecielo.es\/en\/michael_exito-2-2\/astrologia_luna\/\">\n\t\t\t\t\t\t<span class=\"elementor-button-content-wrapper\">\n\t\t\t\t\t\t\t\t\t<span class=\"elementor-button-text\">Ver m\u00e1s<\/span>\n\t\t\t\t\t<\/span>\n\t\t\t\t\t<\/a>\n\t\t\t\t<\/div>\n\t\t\t\t\t\t\t\t<\/div>\n\t\t\t\t<\/div>\n\t\t\t\t<\/div>\n\t\t\t\t<\/div>\n\t\t\t\t\t<\/div>\n\t\t\t\t<\/div>\n\t\t\t\t<\/div>","protected":false},"excerpt":{"rendered":"<p>30\/06\/2025 Urano en G\u00e9minis: el rayo entra en el circuito Urano no anuncia su llegada.Irrumpe como un rel\u00e1mpago que parte en dos la noche. Como un c\u00f3digo nuevo que irrumpe [&hellip;]<\/p>","protected":false},"author":1,"featured_media":0,"parent":0,"menu_order":0,"comment_status":"closed","ping_status":"closed","template":"elementor_header_footer","meta":{"_seopress_robots_primary_cat":"","_seopress_titles_title":"","_seopress_titles_desc":"","_seopress_robots_index":"","site-sidebar-layout":"no-sidebar","site-content-layout":"page-builder","ast-site-content-layout":"default","site-content-style":"default","site-sidebar-style":"default","ast-global-header-display":"","ast-banner-title-visibility":"","ast-main-header-display":"","ast-hfb-above-header-display":"","ast-hfb-below-header-display":"","ast-hfb-mobile-header-display":"","site-post-title":"disabled","ast-breadcrumbs-content":"","ast-featured-img":"disabled","footer-sml-layout":"","ast-disable-related-posts":"","theme-transparent-header-meta":"default","adv-header-id-meta":"","stick-header-meta":"","header-above-stick-meta":"","header-main-stick-meta":"","header-below-stick-meta":"","astra-migrate-meta-layouts":"default","ast-page-background-enabled":"default","ast-page-background-meta":{"desktop":{"background-color":"","background-image":"","background-repeat":"repeat","background-position":"center center","background-size":"auto","background-attachment":"scroll","background-type":"","background-media":"","overlay-type":"","overlay-color":"","overlay-opacity":"","overlay-gradient":""},"tablet":{"background-color":"","background-image":"","background-repeat":"repeat","background-position":"center center","background-size":"auto","background-attachment":"scroll","background-type":"","background-media":"","overlay-type":"","overlay-color":"","overlay-opacity":"","overlay-gradient":""},"mobile":{"background-color":"","background-image":"","background-repeat":"repeat","background-position":"center center","background-size":"auto","background-attachment":"scroll","background-type":"","background-media":"","overlay-type":"","overlay-color":"","overlay-opacity":"","overlay-gradient":""}},"ast-content-background-meta":{"desktop":{"background-color":"var(--ast-global-color-5)","background-image":"","background-repeat":"repeat","background-position":"center center","background-size":"auto","background-attachment":"scroll","background-type":"","background-media":"","overlay-type":"","overlay-color":"","overlay-opacity":"","overlay-gradient":""},"tablet":{"background-color":"var(--ast-global-color-5)","background-image":"","background-repeat":"repeat","background-position":"center center","background-size":"auto","background-attachment":"scroll","background-type":"","background-media":"","overlay-type":"","overlay-color":"","overlay-opacity":"","overlay-gradient":""},"mobile":{"background-color":"var(--ast-global-color-5)","background-image":"","background-repeat":"repeat","background-position":"center center","background-size":"auto","background-attachment":"scroll","background-type":"","background-media":"","overlay-type":"","overlay-color":"","overlay-opacity":"","overlay-gradient":""}},"footnotes":""},"class_list":["post-1532","page","type-page","status-publish","hentry"],"_links":{"self":[{"href":"https:\/\/doblecielo.es\/en\/wp-json\/wp\/v2\/pages\/1532","targetHints":{"allow":["GET"]}}],"collection":[{"href":"https:\/\/doblecielo.es\/en\/wp-json\/wp\/v2\/pages"}],"about":[{"href":"https:\/\/doblecielo.es\/en\/wp-json\/wp\/v2\/types\/page"}],"author":[{"embeddable":true,"href":"https:\/\/doblecielo.es\/en\/wp-json\/wp\/v2\/users\/1"}],"replies":[{"embeddable":true,"href":"https:\/\/doblecielo.es\/en\/wp-json\/wp\/v2\/comments?post=1532"}],"version-history":[{"count":36,"href":"https:\/\/doblecielo.es\/en\/wp-json\/wp\/v2\/pages\/1532\/revisions"}],"predecessor-version":[{"id":2852,"href":"https:\/\/doblecielo.es\/en\/wp-json\/wp\/v2\/pages\/1532\/revisions\/2852"}],"wp:attachment":[{"href":"https:\/\/doblecielo.es\/en\/wp-json\/wp\/v2\/media?parent=1532"}],"curies":[{"name":"wp","href":"https:\/\/api.w.org\/{rel}","templated":true}]}}